{"id":8856,"date":"2024-11-01T10:05:31","date_gmt":"2024-11-01T08:05:31","guid":{"rendered":"https:\/\/pelemix.com\/nuestros-principios-de-produccion\/"},"modified":"2025-04-20T19:40:24","modified_gmt":"2025-04-20T17:40:24","slug":"nuestros-principios-de-produccion","status":"publish","type":"page","link":"https:\/\/pelemix.com\/es\/nuestros-principios-de-produccion\/","title":{"rendered":"Nuestros principios de producci\u00f3n"},"content":{"rendered":"\t\t<div data-elementor-type=\"wp-page\" data-elementor-id=\"8856\" class=\"elementor elementor-8856 elementor-5719\" data-elementor-post-type=\"page\">\n\t\t\t\t<div class=\"elementor-element elementor-element-945b5c9 e-flex e-con-boxed e-con e-parent\" data-id=\"945b5c9\" data-element_type=\"container\" data-e-type=\"container\" data-settings=\"{&quot;background_background&quot;:&quot;gradient&quot;}\">\n\t\t\t\t\t<div class=\"e-con-inner\">\n\t\t\t\t<div class=\"elementor-element elementor-element-b45c4dd elementor-align-left elementor-widget elementor-widget-breadcrumbs\" data-id=\"b45c4dd\" data-element_type=\"widget\" data-e-type=\"widget\" data-widget_type=\"breadcrumbs.default\">\n\t\t\t\t<div class=\"elementor-widget-container\">\n\t\t\t\t\t<p id=\"breadcrumbs\"><span><span><a href=\"https:\/\/pelemix.com\/es\/pagina-de-inicio\/\">Hogar<\/a><\/span><\/span><\/p>\t\t\t\t<\/div>\n\t\t\t\t<\/div>\n\t\t\t\t<div class=\"elementor-element elementor-element-1dfc927 elementor-widget__width-initial elementor-widget-laptop__width-initial elementor-widget elementor-widget-heading\" data-id=\"1dfc927\" data-element_type=\"widget\" data-e-type=\"widget\" data-widget_type=\"heading.default\">\n\t\t\t\t<div class=\"elementor-widget-container\">\n\t\t\t\t\t<h1 class=\"elementor-heading-title elementor-size-default\">Principios de producci\u00f3n: Calidad e innovaci\u00f3n desde la base<\/h1>\t\t\t\t<\/div>\n\t\t\t\t<\/div>\n\t\t\t\t\t<\/div>\n\t\t\t\t<\/div>\n\t\t<div class=\"elementor-element elementor-element-01304b4 e-flex e-con-boxed e-con e-parent\" data-id=\"01304b4\" data-element_type=\"container\" data-e-type=\"container\">\n\t\t\t\t\t<div class=\"e-con-inner\">\n\t\t\t\t<div class=\"elementor-element elementor-element-2878c99 elementor-widget elementor-widget-text-editor\" data-id=\"2878c99\" data-element_type=\"widget\" data-e-type=\"widget\" data-settings=\"{&quot;motion_fx_motion_fx_scrolling&quot;:&quot;yes&quot;,&quot;motion_fx_opacity_effect&quot;:&quot;yes&quot;,&quot;motion_fx_opacity_range&quot;:{&quot;unit&quot;:&quot;%&quot;,&quot;size&quot;:&quot;&quot;,&quot;sizes&quot;:{&quot;start&quot;:8,&quot;end&quot;:26}},&quot;motion_fx_opacity_direction&quot;:&quot;out-in&quot;,&quot;motion_fx_opacity_level&quot;:{&quot;unit&quot;:&quot;px&quot;,&quot;size&quot;:10,&quot;sizes&quot;:[]},&quot;motion_fx_devices&quot;:[&quot;desktop&quot;,&quot;laptop&quot;,&quot;tablet_extra&quot;,&quot;tablet&quot;,&quot;mobile_extra&quot;,&quot;mobile&quot;]}\" data-widget_type=\"text-editor.default\">\n\t\t\t\t<div class=\"elementor-widget-container\">\n\t\t\t\t\t\t\t\t\t<p>En Pelemix, estamos comprometidos con la fabricaci\u00f3n de productos de coco de la m\u00e1s alta calidad, adaptados a las necesidades \u00fanicas de la agricultura moderna. Nuestro proceso de producci\u00f3n combina d\u00e9cadas de experiencia con tecnolog\u00eda punta para ofrecer soluciones coherentes, sostenibles y eficaces.<\/p>\t\t\t\t\t\t\t\t<\/div>\n\t\t\t\t<\/div>\n\t\t\t\t\t<\/div>\n\t\t\t\t<\/div>\n\t\t<div class=\"elementor-element elementor-element-ae68f77 e-flex e-con-boxed e-con e-parent\" data-id=\"ae68f77\" data-element_type=\"container\" data-e-type=\"container\">\n\t\t\t\t\t<div class=\"e-con-inner\">\n\t\t\t\t<div class=\"elementor-element elementor-element-16bb3f4 elementor-widget__width-initial rising-lines to-text-dic elementor-widget elementor-widget-heading\" data-id=\"16bb3f4\" data-element_type=\"widget\" data-e-type=\"widget\" data-widget_type=\"heading.default\">\n\t\t\t\t<div class=\"elementor-widget-container\">\n\t\t\t\t\t<h2 class=\"elementor-heading-title elementor-size-default\">Lo que distingue a nuestra producci\u00f3n:<\/h2>\t\t\t\t<\/div>\n\t\t\t\t<\/div>\n\t\t\t\t\t<\/div>\n\t\t\t\t<\/div>\n\t\t<div class=\"elementor-element elementor-element-85b89f2 e-flex e-con-boxed e-con e-parent\" data-id=\"85b89f2\" data-element_type=\"container\" data-e-type=\"container\">\n\t\t\t\t\t<div class=\"e-con-inner\">\n\t\t<div class=\"elementor-element elementor-element-58591f1 e-con-full e-flex e-con e-child\" data-id=\"58591f1\" data-element_type=\"container\" data-e-type=\"container\" data-settings=\"{&quot;background_background&quot;:&quot;classic&quot;,&quot;motion_fx_motion_fx_scrolling&quot;:&quot;yes&quot;,&quot;motion_fx_translateY_effect&quot;:&quot;yes&quot;,&quot;motion_fx_translateY_speed&quot;:{&quot;unit&quot;:&quot;px&quot;,&quot;size&quot;:5.5,&quot;sizes&quot;:[]},&quot;motion_fx_translateY_affectedRange&quot;:{&quot;unit&quot;:&quot;%&quot;,&quot;size&quot;:&quot;&quot;,&quot;sizes&quot;:{&quot;start&quot;:0,&quot;end&quot;:55}},&quot;motion_fx_devices&quot;:[&quot;desktop&quot;,&quot;laptop&quot;,&quot;tablet_extra&quot;]}\">\n\t\t\t\t<div class=\"elementor-element elementor-element-9e24f08 elementor-widget elementor-widget-ucaddon_uc_material_bullets\" data-id=\"9e24f08\" data-element_type=\"widget\" data-e-type=\"widget\" data-widget_type=\"ucaddon_uc_material_bullets.default\">\n\t\t\t\t<div class=\"elementor-widget-container\">\n\t\t\t\t\t\n<!-- start Icon Bullets -->\n\t\t<link id='font-awesome-css' href='https:\/\/pelemix.com\/wp-content\/plugins\/unlimited-elements-for-elementor-premium\/assets_libraries\/font-awesome6\/fontawesome-all.min.css' type='text\/css' rel='stylesheet' >\n\t\t<link id='font-awesome-4-shim-css' href='https:\/\/pelemix.com\/wp-content\/plugins\/unlimited-elements-for-elementor-premium\/assets_libraries\/font-awesome6\/fontawesome-v4-shims.min.css' type='text\/css' rel='stylesheet' >\n\n<style>\/* widget: Icon Bullets *\/\n\n\r\n@keyframes uc_uc_material_bullets_elementor_9e24f08__item-animation {\r\n  0% {\r\n            \r\n        \t        \tfilter: blur(4px);\r\n\t\t\t\r\n    \t    opacity: 0;\r\n  }\r\n  100% {\r\n            \r\n        \t            filter: blur(0px);\r\n            \r\n    \t\topacity: 1;\r\n  }\r\n}\r\n\r\n\r\n#uc_uc_material_bullets_elementor_9e24f08 .uc_material_bullets_row{\r\n\topacity:0;\r\n}\r\n\r\n\r\n#uc_uc_material_bullets_elementor_9e24f08 .uc-entrance-animate {\r\n  opacity:1;\r\n}\r\n\r\n#uc_uc_material_bullets_elementor_9e24f08 .uc-entrance-animate {\r\n\tanimation: uc_uc_material_bullets_elementor_9e24f08__item-animation 0.7s cubic-bezier(0.470, 0.000, 0.745, 0.715) both;\r\n}\r\n\r\n\t\t\t\n\n#uc_uc_material_bullets_elementor_9e24f08 *{\n\t-webkit-box-sizing: border-box;\n\t-moz-box-sizing: border-box;\n\tbox-sizing: border-box;\n}\n\n#uc_uc_material_bullets_elementor_9e24f08 .uc-bullet-active{\n}\n\n\n#uc_uc_material_bullets_elementor_9e24f08 .ue-icon\n{\n  display:flex;\n  align-items:center;\n  justify-content:center;\n  flex-grow:0;\n  flex-shrink:0;\n  line-height:1em;\n  transition:0.3s;\n}\n\n#uc_uc_material_bullets_elementor_9e24f08 .ue-icon svg\n{\n  height:1em;\n  width:1em;\n}\n\n\n#uc_uc_material_bullets_elementor_9e24f08 .uc_material_bullets_row\n{\n\tfont-weight:400;\n\toverflow:hidden;\n\tdisplay:flex;\n\tposition:relative;\n\ttext-align:left;\n\twidth:100%;\n   \n    transition:0.3s;\n}\n\n\n#uc_uc_material_bullets_elementor_9e24f08 .uc_material_bullets_row a.ue-item-link\n{\n  position:absolute;\n  display:block;\n  top:0;\n  right:0;\n  left:0;\n  bottom:0;\n}\n\n#uc_uc_material_bullets_elementor_9e24f08 .uc_material_bullets_row:last-child\n{\n\tmargin-bottom:0px !important;\n}\n\n\n#uc_uc_material_bullets_elementor_9e24f08 .uc_material_bullets_row \n{\n\tposition:relative;\n\tvertical-align:middle;\n}\n\n#uc_uc_material_bullets_elementor_9e24f08 .uc_material_bullets_row .uc_content_box\n{\n\tdisplay:flex;\n    flex-direction:column;\n    justify-content:center;\n    align-items: flex-start;\n    flex-grow:1;\n}\n\n#uc_uc_material_bullets_elementor_9e24f08 .ue-bullets\n{\n  display:grid;\n}\n\n#uc_uc_material_bullets_elementor_9e24f08 .ue-text, #uc_uc_material_bullets_elementor_9e24f08 .ue-title, #uc_uc_material_bullets_elementor_9e24f08 .ue-seperator\n{\n  width:100%;\n}\n\n#uc_uc_material_bullets_elementor_9e24f08 .ue-seperator-line\n{\n  display:inline-block;\n  font-size:0px;\n}\n\n#uc_uc_material_bullets_elementor_9e24f08 .ue-seperator\n{\n  font-size:0px;\n}\n\n#uc_uc_material_bullets_elementor_9e24f08.uc-remote-parent .uc_material_bullets_row\n{\n  cursor:pointer;\n}\n\n.ue-title\n{\n  font-size:21px;\n  margin:0;\n}\n\n<\/style>\n\n<div class=\"uc_material_bullets  \"  id=\"uc_uc_material_bullets_elementor_9e24f08\"  >   \t\n    \t<div class=\"ue-bullets uc-items-wrapper\">\n          \t<div class=\"uc_material_bullets_row elementor-repeater-item-59bdeee\">\n              <div class=\"ue-icon\">\n                    <i class=''><\/i>                    \t\n\n                \n              <\/div>\n  <div class=\"uc_content_box uc_ceal\">\n    <h3 class=\"ue-title\">Natural y sostenible:  <\/h3>\n    \n    \t\n    \n    <div class=\"ue-text\">Nos abastecemos cuidadosamente de c\u00e1scara de coco 100% natural, transform\u00e1ndola en sustrato de cultivo de primera calidad mediante procesos ecol\u00f3gicos y eficientes.<\/div>\t\n  <\/div>\n    \t\n<\/div>\n<div class=\"uc_material_bullets_row elementor-repeater-item-8bd2e4f\">\n              <div class=\"ue-icon\">\n                    <i class=''><\/i>                    \t\n\n                \n              <\/div>\n  <div class=\"uc_content_box uc_ceal\">\n    <h3 class=\"ue-title\">Neutralizaci\u00f3n innovadora:  <\/h3>\n    \n    \t\n    \n    <div class=\"ue-text\">Nuestras t\u00e9cnicas especializadas de neutralizaci\u00f3n, que incluyen procesos naturales y de lavado, garantizan que nuestros sustratos est\u00e9n libres de elementos nocivos, perfectamente equilibrados y listos para su uso.<\/div>\t\n  <\/div>\n    \t\n<\/div>\n<div class=\"uc_material_bullets_row elementor-repeater-item-0ec3c10\">\n              <div class=\"ue-icon\">\n                    <i class=''><\/i>                    \t\n\n                \n              <\/div>\n  <div class=\"uc_content_box uc_ceal\">\n    <h3 class=\"ue-title\">Soluciones a medida:<\/h3>\n    \n    \t\n    \n    <div class=\"ue-text\">Cada producto se elabora para satisfacer los requisitos espec\u00edficos de diferentes cultivos, climas y m\u00e9todos de cultivo, ofreciendo flexibilidad y un rendimiento optimizado a nuestros clientes.<\/div>\t\n  <\/div>\n    \t\n<\/div>\n<div class=\"uc_material_bullets_row elementor-repeater-item-98288d2\">\n              <div class=\"ue-icon\">\n                    <i class=''><\/i>                    \t\n\n                \n              <\/div>\n  <div class=\"uc_content_box uc_ceal\">\n    <h3 class=\"ue-title\">Coherencia y fiabilidad:  <\/h3>\n    \n    \t\n    \n    <div class=\"ue-text\">Mediante estrictos controles de calidad y avanzados m\u00e9todos de producci\u00f3n, garantizamos el mismo alto nivel de rendimiento con cada producto, lo que favorece unos resultados de cultivo predecibles y repetibles.<\/div>\t\n  <\/div>\n    \t\n<\/div>\n\n      <\/div>\n<\/div>\n<!-- end Icon Bullets -->\t\t\t\t<\/div>\n\t\t\t\t<\/div>\n\t\t<div class=\"elementor-element elementor-element-318bf1e e-con-full e-flex e-con e-child\" data-id=\"318bf1e\" data-element_type=\"container\" data-e-type=\"container\">\n\t\t\t\t<div class=\"elementor-element elementor-element-0707275 elementor-widget elementor-widget-heading\" data-id=\"0707275\" data-element_type=\"widget\" data-e-type=\"widget\" data-widget_type=\"heading.default\">\n\t\t\t\t<div class=\"elementor-widget-container\">\n\t\t\t\t\t<h4 class=\"elementor-heading-title elementor-size-default\">En Pelemix, nuestros principios de producci\u00f3n se basan en la sostenibilidad, la calidad y la innovaci\u00f3n, valores que garantizan la prosperidad de sus cultivos y el \u00e9xito de su negocio.<\/h4>\t\t\t\t<\/div>\n\t\t\t\t<\/div>\n\t\t\t\t<\/div>\n\t\t\t\t<\/div>\n\t\t<div class=\"elementor-element elementor-element-9338b09 e-con-full e-flex e-con e-child\" data-id=\"9338b09\" data-element_type=\"container\" data-e-type=\"container\" data-settings=\"{&quot;sticky&quot;:&quot;top&quot;,&quot;sticky_on&quot;:[&quot;desktop&quot;,&quot;laptop&quot;,&quot;tablet_extra&quot;,&quot;tablet&quot;],&quot;sticky_offset&quot;:200,&quot;sticky_effects_offset&quot;:5,&quot;sticky_parent&quot;:&quot;yes&quot;,&quot;sticky_offset_mobile_extra&quot;:140,&quot;background_background&quot;:&quot;classic&quot;,&quot;sticky_anchor_link_offset&quot;:0}\">\n\t\t\t\t<div class=\"elementor-element elementor-element-c751931 list-bg-img elementor-widget elementor-widget-image\" data-id=\"c751931\" data-element_type=\"widget\" data-e-type=\"widget\" data-widget_type=\"image.default\">\n\t\t\t\t<div class=\"elementor-widget-container\">\n\t\t\t\t\t\t\t\t\t\t\t\t\t\t\t<img fetchpriority=\"high\" decoding=\"async\" width=\"667\" height=\"700\" src=\"https:\/\/pelemix.com\/wp-content\/uploads\/2024\/11\/Looseblends-list.jpg\" class=\"attachment-full size-full wp-image-8532\" alt=\"\" srcset=\"https:\/\/pelemix.com\/wp-content\/uploads\/2024\/11\/Looseblends-list.jpg 667w, https:\/\/pelemix.com\/wp-content\/uploads\/2024\/11\/Looseblends-list-286x300.jpg 286w\" sizes=\"(max-width: 667px) 100vw, 667px\" \/>\t\t\t\t\t\t\t\t\t\t\t\t\t\t\t<\/div>\n\t\t\t\t<\/div>\n\t\t\t\t<\/div>\n\t\t\t\t\t<\/div>\n\t\t\t\t<\/div>\n\t\t\t\t<\/div>\n\t\t","protected":false},"excerpt":{"rendered":"<p>Principios de producci\u00f3n: Calidad e innovaci\u00f3n desde la base En Pelemix, estamos comprometidos con la fabricaci\u00f3n de productos de coco de la m\u00e1s alta calidad, adaptados a las necesidades \u00fanicas de la agricultura moderna. Nuestro proceso de producci\u00f3n combina d\u00e9cadas de experiencia con tecnolog\u00eda punta para ofrecer soluciones coherentes, sostenibles y eficaces. Lo que distingue [&hellip;]<\/p>\n","protected":false},"author":3,"featured_media":0,"parent":0,"menu_order":0,"comment_status":"closed","ping_status":"closed","template":"elementor_header_footer","meta":{"_acf_changed":false,"footnotes":"","_links_to":"","_links_to_target":""},"class_list":["post-8856","page","type-page","status-publish","hentry"],"acf":[],"yoast_head":"<!-- This site is optimized with the Yoast SEO plugin v25.4 - https:\/\/yoast.com\/wordpress\/plugins\/seo\/ -->\n<title>Nuestros principios de producci\u00f3n | Pelemix<\/title>\n<meta name=\"description\" content=\"En Pelemix nos comprometemos a fabricar productos de coco de la m\u00e1xima calidad, adaptados a las necesidades espec\u00edficas de la agricultura moderna.\" \/>\n<meta name=\"robots\" content=\"index, follow, max-snippet:-1, max-image-preview:large, max-video-preview:-1\" \/>\n<link rel=\"canonical\" href=\"https:\/\/pelemix.com\/es\/nuestros-principios-de-produccion\/\" \/>\n<meta property=\"og:locale\" content=\"es_ES\" \/>\n<meta property=\"og:type\" content=\"article\" \/>\n<meta property=\"og:title\" content=\"Nuestros principios de producci\u00f3n | Pelemix\" \/>\n<meta property=\"og:description\" content=\"En Pelemix nos comprometemos a fabricar productos de coco de la m\u00e1xima calidad, adaptados a las necesidades espec\u00edficas de la agricultura moderna.\" \/>\n<meta property=\"og:url\" content=\"https:\/\/pelemix.com\/es\/nuestros-principios-de-produccion\/\" \/>\n<meta property=\"og:site_name\" content=\"Pelemix\" \/>\n<meta property=\"article:publisher\" content=\"https:\/\/www.facebook.com\/PelemixSpain\" \/>\n<meta property=\"article:modified_time\" content=\"2025-04-20T17:40:24+00:00\" \/>\n<meta property=\"og:image\" content=\"https:\/\/pelemix.com\/wp-content\/uploads\/2024\/11\/Looseblends-list.jpg\" \/>\n<meta name=\"twitter:card\" content=\"summary_large_image\" \/>\n<meta name=\"twitter:label1\" content=\"Tiempo de lectura\" \/>\n\t<meta name=\"twitter:data1\" content=\"1 minuto\" \/>\n<script type=\"application\/ld+json\" class=\"yoast-schema-graph\">{\"@context\":\"https:\/\/schema.org\",\"@graph\":[{\"@type\":\"WebPage\",\"@id\":\"https:\/\/pelemix.com\/es\/nuestros-principios-de-produccion\/\",\"url\":\"https:\/\/pelemix.com\/es\/nuestros-principios-de-produccion\/\",\"name\":\"Nuestros principios de producci\u00f3n | Pelemix\",\"isPartOf\":{\"@id\":\"https:\/\/pelemix.com\/es\/#website\"},\"primaryImageOfPage\":{\"@id\":\"https:\/\/pelemix.com\/es\/nuestros-principios-de-produccion\/#primaryimage\"},\"image\":{\"@id\":\"https:\/\/pelemix.com\/es\/nuestros-principios-de-produccion\/#primaryimage\"},\"thumbnailUrl\":\"https:\/\/pelemix.com\/wp-content\/uploads\/2024\/11\/Looseblends-list.jpg\",\"datePublished\":\"2024-11-01T08:05:31+00:00\",\"dateModified\":\"2025-04-20T17:40:24+00:00\",\"description\":\"En Pelemix nos comprometemos a fabricar productos de coco de la m\u00e1xima calidad, adaptados a las necesidades espec\u00edficas de la agricultura moderna.\",\"breadcrumb\":{\"@id\":\"https:\/\/pelemix.com\/es\/nuestros-principios-de-produccion\/#breadcrumb\"},\"inLanguage\":\"es\",\"potentialAction\":[{\"@type\":\"ReadAction\",\"target\":[\"https:\/\/pelemix.com\/es\/nuestros-principios-de-produccion\/\"]}]},{\"@type\":\"ImageObject\",\"inLanguage\":\"es\",\"@id\":\"https:\/\/pelemix.com\/es\/nuestros-principios-de-produccion\/#primaryimage\",\"url\":\"https:\/\/pelemix.com\/wp-content\/uploads\/2024\/11\/Looseblends-list.jpg\",\"contentUrl\":\"https:\/\/pelemix.com\/wp-content\/uploads\/2024\/11\/Looseblends-list.jpg\"},{\"@type\":\"BreadcrumbList\",\"@id\":\"https:\/\/pelemix.com\/es\/nuestros-principios-de-produccion\/#breadcrumb\",\"itemListElement\":[{\"@type\":\"ListItem\",\"position\":1,\"name\":\"Hogar\",\"item\":\"https:\/\/pelemix.com\/es\/pagina-de-inicio\/\"},{\"@type\":\"ListItem\",\"position\":2,\"name\":\"Nuestros principios de producci\u00f3n\"}]},{\"@type\":\"WebSite\",\"@id\":\"https:\/\/pelemix.com\/es\/#website\",\"url\":\"https:\/\/pelemix.com\/es\/\",\"name\":\"Pelemix\",\"description\":\"Pelemix is a leader in the coir \u2013 coco peat substrate market for Hydroponics growers and nurseries. Our coir is used worldwide as a growing media for various hydroponics crops\",\"publisher\":{\"@id\":\"https:\/\/pelemix.com\/es\/#organization\"},\"potentialAction\":[{\"@type\":\"SearchAction\",\"target\":{\"@type\":\"EntryPoint\",\"urlTemplate\":\"https:\/\/pelemix.com\/es\/?s={search_term_string}\"},\"query-input\":{\"@type\":\"PropertyValueSpecification\",\"valueRequired\":true,\"valueName\":\"search_term_string\"}}],\"inLanguage\":\"es\"},{\"@type\":\"Organization\",\"@id\":\"https:\/\/pelemix.com\/es\/#organization\",\"name\":\"Pelemix - Professionals In Coir Substrates\",\"alternateName\":\"Pelemix\",\"url\":\"https:\/\/pelemix.com\/es\/\",\"logo\":{\"@type\":\"ImageObject\",\"inLanguage\":\"es\",\"@id\":\"https:\/\/pelemix.com\/es\/#\/schema\/logo\/image\/\",\"url\":\"https:\/\/pelemix.com\/wp-content\/uploads\/2023\/09\/Open-Top-list.png\",\"contentUrl\":\"https:\/\/pelemix.com\/wp-content\/uploads\/2023\/09\/Open-Top-list.png\",\"width\":667,\"height\":700,\"caption\":\"Pelemix - Professionals In Coir Substrates\"},\"image\":{\"@id\":\"https:\/\/pelemix.com\/es\/#\/schema\/logo\/image\/\"},\"sameAs\":[\"https:\/\/www.facebook.com\/PelemixSpain\",\"https:\/\/www.linkedin.com\/company\/642244\/admin\/feed\/posts\",\"https:\/\/www.youtube.com\/@pelemix4178\"]}]}<\/script>\n<!-- \/ Yoast SEO plugin. -->","yoast_head_json":{"title":"Nuestros principios de producci\u00f3n | Pelemix","description":"En Pelemix nos comprometemos a fabricar productos de coco de la m\u00e1xima calidad, adaptados a las necesidades espec\u00edficas de la agricultura moderna.","robots":{"index":"index","follow":"follow","max-snippet":"max-snippet:-1","max-image-preview":"max-image-preview:large","max-video-preview":"max-video-preview:-1"},"canonical":"https:\/\/pelemix.com\/es\/nuestros-principios-de-produccion\/","og_locale":"es_ES","og_type":"article","og_title":"Nuestros principios de producci\u00f3n | Pelemix","og_description":"En Pelemix nos comprometemos a fabricar productos de coco de la m\u00e1xima calidad, adaptados a las necesidades espec\u00edficas de la agricultura moderna.","og_url":"https:\/\/pelemix.com\/es\/nuestros-principios-de-produccion\/","og_site_name":"Pelemix","article_publisher":"https:\/\/www.facebook.com\/PelemixSpain","article_modified_time":"2025-04-20T17:40:24+00:00","og_image":[{"url":"https:\/\/pelemix.com\/wp-content\/uploads\/2024\/11\/Looseblends-list.jpg","type":"","width":"","height":""}],"twitter_card":"summary_large_image","twitter_misc":{"Tiempo de lectura":"1 minuto"},"schema":{"@context":"https:\/\/schema.org","@graph":[{"@type":"WebPage","@id":"https:\/\/pelemix.com\/es\/nuestros-principios-de-produccion\/","url":"https:\/\/pelemix.com\/es\/nuestros-principios-de-produccion\/","name":"Nuestros principios de producci\u00f3n | Pelemix","isPartOf":{"@id":"https:\/\/pelemix.com\/es\/#website"},"primaryImageOfPage":{"@id":"https:\/\/pelemix.com\/es\/nuestros-principios-de-produccion\/#primaryimage"},"image":{"@id":"https:\/\/pelemix.com\/es\/nuestros-principios-de-produccion\/#primaryimage"},"thumbnailUrl":"https:\/\/pelemix.com\/wp-content\/uploads\/2024\/11\/Looseblends-list.jpg","datePublished":"2024-11-01T08:05:31+00:00","dateModified":"2025-04-20T17:40:24+00:00","description":"En Pelemix nos comprometemos a fabricar productos de coco de la m\u00e1xima calidad, adaptados a las necesidades espec\u00edficas de la agricultura moderna.","breadcrumb":{"@id":"https:\/\/pelemix.com\/es\/nuestros-principios-de-produccion\/#breadcrumb"},"inLanguage":"es","potentialAction":[{"@type":"ReadAction","target":["https:\/\/pelemix.com\/es\/nuestros-principios-de-produccion\/"]}]},{"@type":"ImageObject","inLanguage":"es","@id":"https:\/\/pelemix.com\/es\/nuestros-principios-de-produccion\/#primaryimage","url":"https:\/\/pelemix.com\/wp-content\/uploads\/2024\/11\/Looseblends-list.jpg","contentUrl":"https:\/\/pelemix.com\/wp-content\/uploads\/2024\/11\/Looseblends-list.jpg"},{"@type":"BreadcrumbList","@id":"https:\/\/pelemix.com\/es\/nuestros-principios-de-produccion\/#breadcrumb","itemListElement":[{"@type":"ListItem","position":1,"name":"Hogar","item":"https:\/\/pelemix.com\/es\/pagina-de-inicio\/"},{"@type":"ListItem","position":2,"name":"Nuestros principios de producci\u00f3n"}]},{"@type":"WebSite","@id":"https:\/\/pelemix.com\/es\/#website","url":"https:\/\/pelemix.com\/es\/","name":"Pelemix","description":"Pelemix is a leader in the coir \u2013 coco peat substrate market for Hydroponics growers and nurseries. Our coir is used worldwide as a growing media for various hydroponics crops","publisher":{"@id":"https:\/\/pelemix.com\/es\/#organization"},"potentialAction":[{"@type":"SearchAction","target":{"@type":"EntryPoint","urlTemplate":"https:\/\/pelemix.com\/es\/?s={search_term_string}"},"query-input":{"@type":"PropertyValueSpecification","valueRequired":true,"valueName":"search_term_string"}}],"inLanguage":"es"},{"@type":"Organization","@id":"https:\/\/pelemix.com\/es\/#organization","name":"Pelemix - Professionals In Coir Substrates","alternateName":"Pelemix","url":"https:\/\/pelemix.com\/es\/","logo":{"@type":"ImageObject","inLanguage":"es","@id":"https:\/\/pelemix.com\/es\/#\/schema\/logo\/image\/","url":"https:\/\/pelemix.com\/wp-content\/uploads\/2023\/09\/Open-Top-list.png","contentUrl":"https:\/\/pelemix.com\/wp-content\/uploads\/2023\/09\/Open-Top-list.png","width":667,"height":700,"caption":"Pelemix - Professionals In Coir Substrates"},"image":{"@id":"https:\/\/pelemix.com\/es\/#\/schema\/logo\/image\/"},"sameAs":["https:\/\/www.facebook.com\/PelemixSpain","https:\/\/www.linkedin.com\/company\/642244\/admin\/feed\/posts","https:\/\/www.youtube.com\/@pelemix4178"]}]}},"_links":{"self":[{"href":"https:\/\/pelemix.com\/es\/wp-json\/wp\/v2\/pages\/8856","targetHints":{"allow":["GET"]}}],"collection":[{"href":"https:\/\/pelemix.com\/es\/wp-json\/wp\/v2\/pages"}],"about":[{"href":"https:\/\/pelemix.com\/es\/wp-json\/wp\/v2\/types\/page"}],"author":[{"embeddable":true,"href":"https:\/\/pelemix.com\/es\/wp-json\/wp\/v2\/users\/3"}],"replies":[{"embeddable":true,"href":"https:\/\/pelemix.com\/es\/wp-json\/wp\/v2\/comments?post=8856"}],"version-history":[{"count":1,"href":"https:\/\/pelemix.com\/es\/wp-json\/wp\/v2\/pages\/8856\/revisions"}],"predecessor-version":[{"id":8862,"href":"https:\/\/pelemix.com\/es\/wp-json\/wp\/v2\/pages\/8856\/revisions\/8862"}],"wp:attachment":[{"href":"https:\/\/pelemix.com\/es\/wp-json\/wp\/v2\/media?parent=8856"}],"curies":[{"name":"wp","href":"https:\/\/api.w.org\/{rel}","templated":true}]}}