{"id":8903,"date":"2024-11-10T11:42:30","date_gmt":"2024-11-10T09:42:30","guid":{"rendered":"https:\/\/pelemix.com\/sustratos-soluciones-a-medida-para-cada-fase-de-crecimiento\/los-10-sustratos-mas-populares\/"},"modified":"2025-04-20T19:40:45","modified_gmt":"2025-04-20T17:40:45","slug":"los-10-sustratos-mas-populares","status":"publish","type":"page","link":"https:\/\/pelemix.com\/es\/sustratos-soluciones-a-medida-para-cada-fase-de-crecimiento\/los-10-sustratos-mas-populares\/","title":{"rendered":"Los 10 sustratos m\u00e1s populares"},"content":{"rendered":"\t\t<div data-elementor-type=\"wp-page\" data-elementor-id=\"8903\" class=\"elementor elementor-8903 elementor-5777\" data-elementor-post-type=\"page\">\n\t\t\t\t<div class=\"elementor-element elementor-element-4ebb233 e-flex e-con-boxed e-con e-parent\" data-id=\"4ebb233\" data-element_type=\"container\" data-e-type=\"container\" data-settings=\"{&quot;background_background&quot;:&quot;gradient&quot;}\">\n\t\t\t\t\t<div class=\"e-con-inner\">\n\t\t\t\t<div class=\"elementor-element elementor-element-bebb484 elementor-align-left elementor-widget elementor-widget-breadcrumbs\" data-id=\"bebb484\" data-element_type=\"widget\" data-e-type=\"widget\" data-widget_type=\"breadcrumbs.default\">\n\t\t\t\t<div class=\"elementor-widget-container\">\n\t\t\t\t\t<p id=\"breadcrumbs\"><span><span><a href=\"https:\/\/pelemix.com\/es\/pagina-de-inicio\/\">Hogar<\/a><\/span><\/span><\/p>\t\t\t\t<\/div>\n\t\t\t\t<\/div>\n\t\t\t\t<div class=\"elementor-element elementor-element-0c182ff elementor-widget__width-initial elementor-widget-laptop__width-initial elementor-widget elementor-widget-heading\" data-id=\"0c182ff\" data-element_type=\"widget\" data-e-type=\"widget\" data-widget_type=\"heading.default\">\n\t\t\t\t<div class=\"elementor-widget-container\">\n\t\t\t\t\t<h1 class=\"elementor-heading-title elementor-size-default\">Los 10 sustratos m\u00e1s populares: Opciones probadas para obtener los m\u00e1ximos resultados<\/h1>\t\t\t\t<\/div>\n\t\t\t\t<\/div>\n\t\t\t\t\t<\/div>\n\t\t\t\t<\/div>\n\t\t<div class=\"elementor-element elementor-element-b8451a6 e-flex e-con-boxed e-con e-parent\" data-id=\"b8451a6\" data-element_type=\"container\" data-e-type=\"container\">\n\t\t\t\t\t<div class=\"e-con-inner\">\n\t\t\t\t<div class=\"elementor-element elementor-element-b39eb11 elementor-widget elementor-widget-text-editor\" data-id=\"b39eb11\" data-element_type=\"widget\" data-e-type=\"widget\" data-settings=\"{&quot;motion_fx_motion_fx_scrolling&quot;:&quot;yes&quot;,&quot;motion_fx_opacity_effect&quot;:&quot;yes&quot;,&quot;motion_fx_opacity_range&quot;:{&quot;unit&quot;:&quot;%&quot;,&quot;size&quot;:&quot;&quot;,&quot;sizes&quot;:{&quot;start&quot;:8,&quot;end&quot;:26}},&quot;motion_fx_opacity_direction&quot;:&quot;out-in&quot;,&quot;motion_fx_opacity_level&quot;:{&quot;unit&quot;:&quot;px&quot;,&quot;size&quot;:10,&quot;sizes&quot;:[]},&quot;motion_fx_devices&quot;:[&quot;desktop&quot;,&quot;laptop&quot;,&quot;tablet_extra&quot;,&quot;tablet&quot;,&quot;mobile_extra&quot;,&quot;mobile&quot;]}\" data-widget_type=\"text-editor.default\">\n\t\t\t\t<div class=\"elementor-widget-container\">\n\t\t\t\t\t\t\t\t\t<p>Explore nuestros sustratos de mayor rendimiento, cada uno adaptado para satisfacer las necesidades espec\u00edficas de diferentes cultivos y entornos de cultivo. Tanto si cultiva en invernaderos de alta densidad como si se dedica a la agricultura en campo abierto, nuestros 10 mejores sustratos ofrecen resultados fiables y un rendimiento excepcional. <\/p>\t\t\t\t\t\t\t\t<\/div>\n\t\t\t\t<\/div>\n\t\t\t\t<div class=\"elementor-element elementor-element-040af7a elementor-widget elementor-widget-ucaddon_list\" data-id=\"040af7a\" data-element_type=\"widget\" data-e-type=\"widget\" data-widget_type=\"ucaddon_list.default\">\n\t\t\t\t<div class=\"elementor-widget-container\">\n\t\t\t\t\t\n<!-- start List -->\n\t\t<link id='font-awesome-css' href='https:\/\/pelemix.com\/wp-content\/plugins\/unlimited-elements-for-elementor-premium\/assets_libraries\/font-awesome6\/fontawesome-all.min.css' type='text\/css' rel='stylesheet' >\n\t\t<link id='font-awesome-4-shim-css' href='https:\/\/pelemix.com\/wp-content\/plugins\/unlimited-elements-for-elementor-premium\/assets_libraries\/font-awesome6\/fontawesome-v4-shims.min.css' type='text\/css' rel='stylesheet' >\n\n<style>\/* widget: List *\/\n\n\r\n@keyframes uc_list_elementor_040af7a__item-animation {\r\n  0% {\r\n            \r\n        \t        \tfilter: blur(4px);\r\n\t\t\t\r\n    \t    opacity: 0;\r\n  }\r\n  100% {\r\n            \r\n        \t            filter: blur(0px);\r\n            \r\n    \t\topacity: 1;\r\n  }\r\n}\r\n\r\n\r\n#uc_list_elementor_040af7a .ue-list-item{\r\n\topacity:0;\r\n}\r\n\r\n\r\n#uc_list_elementor_040af7a .uc-entrance-animate {\r\n  opacity:1;\r\n}\r\n\r\n#uc_list_elementor_040af7a .uc-entrance-animate {\r\n\tanimation: uc_list_elementor_040af7a__item-animation 0.5s cubic-bezier(0.470, 0.000, 0.745, 0.715) both;\r\n}\r\n\r\n\t\t\t\n\n#uc_list_elementor_040af7a{\n  display:grid;\n  position:relative;\n}\n\n#uc_list_elementor_040af7a .ue-list-item{\n  display:flex;\n}\n\n#uc_list_elementor_040af7a .ue-list-item-title{\n  display:flex;\n  align-items: center;\n} \n\n\n\n#uc_list_elementor_040af7a .ue-list-item-image img{\n  max-width:100%;\n}\n\n#uc_list_elementor_040af7a .ue-list-item-text *{\n  transition: inherit;\n}\n\n#uc_list_elementor_040af7a .ue-list-item-index{\n  flex-grow:0;\n  flex-shrink:0;\n  display:flex;\n  align-items:center;\n  justify-content:center;\n  line-height:1em;\n}\n\n#uc_list_elementor_040af7a .ue-list-item-index svg{\n  height:1em;\n  width:1em;\n}\n\n#uc_list_elementor_040af7a .ue-list-item-content{\n  flex-grow:1;\n}\n\n.ue_badge{\n  font-size:13px;\n}\n\n<\/style>\n\n<div id=\"uc_list_elementor_040af7a\" class=\"ue-list uc-items-wrapper  \"  >\n  <a class=\"ue-list-item elementor-repeater-item-6b80ede\" >\n  <div class=\"ue-list-item-index\">\n            \t      \t\t1\n    \t                  \n  <\/div>\n  <div class=\"ue-list-item-content\">\n    <h3 class=\"ue-list-item-title\">Mezcla de coco - \n                  <\/h3>\n          <div class=\"ue-list-item-text\"><p>Ideal para una amplia variedad de cultivos con una excelente retenci\u00f3n de agua y aireaci\u00f3n.<\/p>\n<\/div>          <\/div>\n<\/a>\n<a class=\"ue-list-item elementor-repeater-item-1b7e57c\" >\n  <div class=\"ue-list-item-index\">\n            \t      \t\t2\n    \t                  \n  <\/div>\n  <div class=\"ue-list-item-content\">\n    <h3 class=\"ue-list-item-title\">Mezcla de turba de coco - \n                  <\/h3>\n          <div class=\"ue-list-item-text\"><p>Dise\u00f1ado para sistemas hidrop\u00f3nicos con propiedades de drenaje superiores<\/p>\n<\/div>          <\/div>\n<\/a>\n<a class=\"ue-list-item elementor-repeater-item-3e4a649\" >\n  <div class=\"ue-list-item-index\">\n            \t      \t\t3\n    \t                  \n  <\/div>\n  <div class=\"ue-list-item-content\">\n    <h3 class=\"ue-list-item-title\">Mezcla de propagaci\u00f3n - \n                  <\/h3>\n          <div class=\"ue-list-item-text\"><p>  Fibra de coco fina para pl\u00e1ntulas delicadas<\/p>\n<\/div>          <\/div>\n<\/a>\n<a class=\"ue-list-item elementor-repeater-item-49e2df2\" >\n  <div class=\"ue-list-item-index\">\n            \t      \t\t4\n    \t                  \n  <\/div>\n  <div class=\"ue-list-item-content\">\n    <h3 class=\"ue-list-item-title\">Soluciones Open Top - \n                  <\/h3>\n          <div class=\"ue-list-item-text\"><p>  Open Tops listos para usar para una plantaci\u00f3n eficaz y un ahorro de costes.<\/p>\n<\/div>          <\/div>\n<\/a>\n<a class=\"ue-list-item elementor-repeater-item-b7bac19\" >\n  <div class=\"ue-list-item-index\">\n            \t      \t\t5\n    \t                  \n  <\/div>\n  <div class=\"ue-list-item-content\">\n    <h3 class=\"ue-list-item-title\">Mezcla de ar\u00e1ndanos - \n                  <\/h3>\n          <div class=\"ue-list-item-text\"><p>Formulado espec\u00edficamente para cultivos de bayas de alto rendimiento.<\/p>\n<\/div>          <\/div>\n<\/a>\n<a class=\"ue-list-item elementor-repeater-item-c747e5d\" >\n  <div class=\"ue-list-item-index\">\n            \t      \t\t6\n    \t                  \n  <\/div>\n  <div class=\"ue-list-item-content\">\n    <h3 class=\"ue-list-item-title\">Bolsas de cultivo Premium - \n                  <\/h3>\n          <div class=\"ue-list-item-text\"><p>Para cultivos intensivos y explotaciones comerciales de fresas y hortalizas.<\/p>\n<\/div>          <\/div>\n<\/a>\n<a class=\"ue-list-item elementor-repeater-item-b921ed9\" >\n  <div class=\"ue-list-item-index\">\n            \t      \t\t7\n    \t                  \n  <\/div>\n  <div class=\"ue-list-item-content\">\n    <h3 class=\"ue-list-item-title\">Mezcla de coco para tomates - \n                  <\/h3>\n          <div class=\"ue-list-item-text\"><p>Dise\u00f1ado para sistemas de cultivo hidrop\u00f3nicos y sin suelo.<\/p>\n<\/div>          <\/div>\n<\/a>\n<a class=\"ue-list-item elementor-repeater-item-133f62d\" >\n  <div class=\"ue-list-item-index\">\n            \t      \t\t8\n    \t                  \n  <\/div>\n  <div class=\"ue-list-item-content\">\n    <h3 class=\"ue-list-item-title\">Mezcla de hierbas - \n                  <\/h3>\n          <div class=\"ue-list-item-text\"><p>Perfecto para plantas arom\u00e1ticas y cultivos con alta demanda de nutrientes.<\/p>\n<\/div>          <\/div>\n<\/a>\n<a class=\"ue-list-item elementor-repeater-item-fe8f82a\" >\n  <div class=\"ue-list-item-index\">\n            \t      \t\t9\n    \t                  \n  <\/div>\n  <div class=\"ue-list-item-content\">\n    <h3 class=\"ue-list-item-title\">Mezcla de orqu\u00eddeas - \n                  <\/h3>\n          <div class=\"ue-list-item-text\"><p>Una mezcla especializada para los delicados requisitos de las orqu\u00eddeas.<\/p>\n<\/div>          <\/div>\n<\/a>\n<a class=\"ue-list-item elementor-repeater-item-b0690eb\" >\n  <div class=\"ue-list-item-index\">\n            \t      \t\t10\n    \t                  \n  <\/div>\n  <div class=\"ue-list-item-content\">\n    <h3 class=\"ue-list-item-title\">Potenciador de la zona radicular - \n                  <\/h3>\n          <div class=\"ue-list-item-text\"><p>Potencia el desarrollo radicular para un crecimiento m\u00e1s r\u00e1pido y plantas m\u00e1s sanas.<\/p>\n<\/div>          <\/div>\n<\/a>\n\n<\/div>\n<!-- end List -->\t\t\t\t<\/div>\n\t\t\t\t<\/div>\n\t\t\t\t\t<\/div>\n\t\t\t\t<\/div>\n\t\t\t\t<\/div>\n\t\t","protected":false},"excerpt":{"rendered":"<p>Los 10 sustratos m\u00e1s populares: Opciones probadas para obtener los m\u00e1ximos resultados Explore nuestros sustratos de mayor rendimiento, cada uno adaptado para satisfacer las necesidades espec\u00edficas de diferentes cultivos y entornos de cultivo. Tanto si cultiva en invernaderos de alta densidad como si se dedica a la agricultura en campo abierto, nuestros 10 mejores sustratos [&hellip;]<\/p>\n","protected":false},"author":3,"featured_media":0,"parent":8852,"menu_order":0,"comment_status":"closed","ping_status":"closed","template":"elementor_header_footer","meta":{"_acf_changed":false,"footnotes":"","_links_to":"","_links_to_target":""},"class_list":["post-8903","page","type-page","status-publish","hentry"],"acf":[],"yoast_head":"<!-- This site is optimized with the Yoast SEO plugin v25.4 - https:\/\/yoast.com\/wordpress\/plugins\/seo\/ -->\n<title>Los 10 sustratos m\u00e1s populares | Pelemix<\/title>\n<meta name=\"description\" content=\"Tanto si cultiva en invernaderos de alta densidad como si gestiona la agricultura en campo abierto, nuestros 10 mejores sustratos ofrecen resultados fiables y un rendimiento excepcional\" \/>\n<meta name=\"robots\" content=\"index, follow, max-snippet:-1, max-image-preview:large, max-video-preview:-1\" \/>\n<link rel=\"canonical\" href=\"https:\/\/pelemix.com\/es\/sustratos-soluciones-a-medida-para-cada-fase-de-crecimiento\/los-10-sustratos-mas-populares\/\" \/>\n<meta property=\"og:locale\" content=\"es_ES\" \/>\n<meta property=\"og:type\" content=\"article\" \/>\n<meta property=\"og:title\" content=\"Los 10 sustratos m\u00e1s populares | Pelemix\" \/>\n<meta property=\"og:description\" content=\"Tanto si cultiva en invernaderos de alta densidad como si gestiona la agricultura en campo abierto, nuestros 10 mejores sustratos ofrecen resultados fiables y un rendimiento excepcional\" \/>\n<meta property=\"og:url\" content=\"https:\/\/pelemix.com\/es\/sustratos-soluciones-a-medida-para-cada-fase-de-crecimiento\/los-10-sustratos-mas-populares\/\" \/>\n<meta property=\"og:site_name\" content=\"Pelemix\" \/>\n<meta property=\"article:publisher\" content=\"https:\/\/www.facebook.com\/PelemixSpain\" \/>\n<meta property=\"article:modified_time\" content=\"2025-04-20T17:40:45+00:00\" \/>\n<meta property=\"og:image\" content=\"https:\/\/pelemix.com\/wp-content\/uploads\/2023\/09\/Open-Top-list.png\" \/>\n\t<meta property=\"og:image:width\" content=\"667\" \/>\n\t<meta property=\"og:image:height\" content=\"700\" \/>\n\t<meta property=\"og:image:type\" content=\"image\/png\" \/>\n<meta name=\"twitter:card\" content=\"summary_large_image\" \/>\n<meta name=\"twitter:label1\" content=\"Tiempo de lectura\" \/>\n\t<meta name=\"twitter:data1\" content=\"1 minuto\" \/>\n<script type=\"application\/ld+json\" class=\"yoast-schema-graph\">{\"@context\":\"https:\/\/schema.org\",\"@graph\":[{\"@type\":\"WebPage\",\"@id\":\"https:\/\/pelemix.com\/es\/sustratos-soluciones-a-medida-para-cada-fase-de-crecimiento\/los-10-sustratos-mas-populares\/\",\"url\":\"https:\/\/pelemix.com\/es\/sustratos-soluciones-a-medida-para-cada-fase-de-crecimiento\/los-10-sustratos-mas-populares\/\",\"name\":\"Los 10 sustratos m\u00e1s populares | Pelemix\",\"isPartOf\":{\"@id\":\"https:\/\/pelemix.com\/es\/#website\"},\"datePublished\":\"2024-11-10T09:42:30+00:00\",\"dateModified\":\"2025-04-20T17:40:45+00:00\",\"description\":\"Tanto si cultiva en invernaderos de alta densidad como si gestiona la agricultura en campo abierto, nuestros 10 mejores sustratos ofrecen resultados fiables y un rendimiento excepcional\",\"breadcrumb\":{\"@id\":\"https:\/\/pelemix.com\/es\/sustratos-soluciones-a-medida-para-cada-fase-de-crecimiento\/los-10-sustratos-mas-populares\/#breadcrumb\"},\"inLanguage\":\"es\",\"potentialAction\":[{\"@type\":\"ReadAction\",\"target\":[\"https:\/\/pelemix.com\/es\/sustratos-soluciones-a-medida-para-cada-fase-de-crecimiento\/los-10-sustratos-mas-populares\/\"]}]},{\"@type\":\"BreadcrumbList\",\"@id\":\"https:\/\/pelemix.com\/es\/sustratos-soluciones-a-medida-para-cada-fase-de-crecimiento\/los-10-sustratos-mas-populares\/#breadcrumb\",\"itemListElement\":[{\"@type\":\"ListItem\",\"position\":1,\"name\":\"Hogar\",\"item\":\"https:\/\/pelemix.com\/es\/pagina-de-inicio\/\"},{\"@type\":\"ListItem\",\"position\":2,\"name\":\"Sustratos: Soluciones a medida para cada fase de crecimiento\",\"item\":\"https:\/\/pelemix.com\/es\/substrates-tailored-solutions-for-every-stage-of-growth\/\"},{\"@type\":\"ListItem\",\"position\":3,\"name\":\"Los 10 sustratos m\u00e1s populares\"}]},{\"@type\":\"WebSite\",\"@id\":\"https:\/\/pelemix.com\/es\/#website\",\"url\":\"https:\/\/pelemix.com\/es\/\",\"name\":\"Pelemix\",\"description\":\"Pelemix is a leader in the coir \u2013 coco peat substrate market for Hydroponics growers and nurseries. Our coir is used worldwide as a growing media for various hydroponics crops\",\"publisher\":{\"@id\":\"https:\/\/pelemix.com\/es\/#organization\"},\"potentialAction\":[{\"@type\":\"SearchAction\",\"target\":{\"@type\":\"EntryPoint\",\"urlTemplate\":\"https:\/\/pelemix.com\/es\/?s={search_term_string}\"},\"query-input\":{\"@type\":\"PropertyValueSpecification\",\"valueRequired\":true,\"valueName\":\"search_term_string\"}}],\"inLanguage\":\"es\"},{\"@type\":\"Organization\",\"@id\":\"https:\/\/pelemix.com\/es\/#organization\",\"name\":\"Pelemix - Professionals In Coir Substrates\",\"alternateName\":\"Pelemix\",\"url\":\"https:\/\/pelemix.com\/es\/\",\"logo\":{\"@type\":\"ImageObject\",\"inLanguage\":\"es\",\"@id\":\"https:\/\/pelemix.com\/es\/#\/schema\/logo\/image\/\",\"url\":\"https:\/\/pelemix.com\/wp-content\/uploads\/2023\/09\/Open-Top-list.png\",\"contentUrl\":\"https:\/\/pelemix.com\/wp-content\/uploads\/2023\/09\/Open-Top-list.png\",\"width\":667,\"height\":700,\"caption\":\"Pelemix - Professionals In Coir Substrates\"},\"image\":{\"@id\":\"https:\/\/pelemix.com\/es\/#\/schema\/logo\/image\/\"},\"sameAs\":[\"https:\/\/www.facebook.com\/PelemixSpain\",\"https:\/\/www.linkedin.com\/company\/642244\/admin\/feed\/posts\",\"https:\/\/www.youtube.com\/@pelemix4178\"]}]}<\/script>\n<!-- \/ Yoast SEO plugin. -->","yoast_head_json":{"title":"Los 10 sustratos m\u00e1s populares | Pelemix","description":"Tanto si cultiva en invernaderos de alta densidad como si gestiona la agricultura en campo abierto, nuestros 10 mejores sustratos ofrecen resultados fiables y un rendimiento excepcional","robots":{"index":"index","follow":"follow","max-snippet":"max-snippet:-1","max-image-preview":"max-image-preview:large","max-video-preview":"max-video-preview:-1"},"canonical":"https:\/\/pelemix.com\/es\/sustratos-soluciones-a-medida-para-cada-fase-de-crecimiento\/los-10-sustratos-mas-populares\/","og_locale":"es_ES","og_type":"article","og_title":"Los 10 sustratos m\u00e1s populares | Pelemix","og_description":"Tanto si cultiva en invernaderos de alta densidad como si gestiona la agricultura en campo abierto, nuestros 10 mejores sustratos ofrecen resultados fiables y un rendimiento excepcional","og_url":"https:\/\/pelemix.com\/es\/sustratos-soluciones-a-medida-para-cada-fase-de-crecimiento\/los-10-sustratos-mas-populares\/","og_site_name":"Pelemix","article_publisher":"https:\/\/www.facebook.com\/PelemixSpain","article_modified_time":"2025-04-20T17:40:45+00:00","og_image":[{"width":667,"height":700,"url":"https:\/\/pelemix.com\/wp-content\/uploads\/2023\/09\/Open-Top-list.png","type":"image\/png"}],"twitter_card":"summary_large_image","twitter_misc":{"Tiempo de lectura":"1 minuto"},"schema":{"@context":"https:\/\/schema.org","@graph":[{"@type":"WebPage","@id":"https:\/\/pelemix.com\/es\/sustratos-soluciones-a-medida-para-cada-fase-de-crecimiento\/los-10-sustratos-mas-populares\/","url":"https:\/\/pelemix.com\/es\/sustratos-soluciones-a-medida-para-cada-fase-de-crecimiento\/los-10-sustratos-mas-populares\/","name":"Los 10 sustratos m\u00e1s populares | Pelemix","isPartOf":{"@id":"https:\/\/pelemix.com\/es\/#website"},"datePublished":"2024-11-10T09:42:30+00:00","dateModified":"2025-04-20T17:40:45+00:00","description":"Tanto si cultiva en invernaderos de alta densidad como si gestiona la agricultura en campo abierto, nuestros 10 mejores sustratos ofrecen resultados fiables y un rendimiento excepcional","breadcrumb":{"@id":"https:\/\/pelemix.com\/es\/sustratos-soluciones-a-medida-para-cada-fase-de-crecimiento\/los-10-sustratos-mas-populares\/#breadcrumb"},"inLanguage":"es","potentialAction":[{"@type":"ReadAction","target":["https:\/\/pelemix.com\/es\/sustratos-soluciones-a-medida-para-cada-fase-de-crecimiento\/los-10-sustratos-mas-populares\/"]}]},{"@type":"BreadcrumbList","@id":"https:\/\/pelemix.com\/es\/sustratos-soluciones-a-medida-para-cada-fase-de-crecimiento\/los-10-sustratos-mas-populares\/#breadcrumb","itemListElement":[{"@type":"ListItem","position":1,"name":"Hogar","item":"https:\/\/pelemix.com\/es\/pagina-de-inicio\/"},{"@type":"ListItem","position":2,"name":"Sustratos: Soluciones a medida para cada fase de crecimiento","item":"https:\/\/pelemix.com\/es\/substrates-tailored-solutions-for-every-stage-of-growth\/"},{"@type":"ListItem","position":3,"name":"Los 10 sustratos m\u00e1s populares"}]},{"@type":"WebSite","@id":"https:\/\/pelemix.com\/es\/#website","url":"https:\/\/pelemix.com\/es\/","name":"Pelemix","description":"Pelemix is a leader in the coir \u2013 coco peat substrate market for Hydroponics growers and nurseries. Our coir is used worldwide as a growing media for various hydroponics crops","publisher":{"@id":"https:\/\/pelemix.com\/es\/#organization"},"potentialAction":[{"@type":"SearchAction","target":{"@type":"EntryPoint","urlTemplate":"https:\/\/pelemix.com\/es\/?s={search_term_string}"},"query-input":{"@type":"PropertyValueSpecification","valueRequired":true,"valueName":"search_term_string"}}],"inLanguage":"es"},{"@type":"Organization","@id":"https:\/\/pelemix.com\/es\/#organization","name":"Pelemix - Professionals In Coir Substrates","alternateName":"Pelemix","url":"https:\/\/pelemix.com\/es\/","logo":{"@type":"ImageObject","inLanguage":"es","@id":"https:\/\/pelemix.com\/es\/#\/schema\/logo\/image\/","url":"https:\/\/pelemix.com\/wp-content\/uploads\/2023\/09\/Open-Top-list.png","contentUrl":"https:\/\/pelemix.com\/wp-content\/uploads\/2023\/09\/Open-Top-list.png","width":667,"height":700,"caption":"Pelemix - Professionals In Coir Substrates"},"image":{"@id":"https:\/\/pelemix.com\/es\/#\/schema\/logo\/image\/"},"sameAs":["https:\/\/www.facebook.com\/PelemixSpain","https:\/\/www.linkedin.com\/company\/642244\/admin\/feed\/posts","https:\/\/www.youtube.com\/@pelemix4178"]}]}},"_links":{"self":[{"href":"https:\/\/pelemix.com\/es\/wp-json\/wp\/v2\/pages\/8903","targetHints":{"allow":["GET"]}}],"collection":[{"href":"https:\/\/pelemix.com\/es\/wp-json\/wp\/v2\/pages"}],"about":[{"href":"https:\/\/pelemix.com\/es\/wp-json\/wp\/v2\/types\/page"}],"author":[{"embeddable":true,"href":"https:\/\/pelemix.com\/es\/wp-json\/wp\/v2\/users\/3"}],"replies":[{"embeddable":true,"href":"https:\/\/pelemix.com\/es\/wp-json\/wp\/v2\/comments?post=8903"}],"version-history":[{"count":1,"href":"https:\/\/pelemix.com\/es\/wp-json\/wp\/v2\/pages\/8903\/revisions"}],"predecessor-version":[{"id":8905,"href":"https:\/\/pelemix.com\/es\/wp-json\/wp\/v2\/pages\/8903\/revisions\/8905"}],"up":[{"embeddable":true,"href":"https:\/\/pelemix.com\/es\/wp-json\/wp\/v2\/pages\/8852"}],"wp:attachment":[{"href":"https:\/\/pelemix.com\/es\/wp-json\/wp\/v2\/media?parent=8903"}],"curies":[{"name":"wp","href":"https:\/\/api.w.org\/{rel}","templated":true}]}}