{"id":10656,"date":"2024-11-10T11:42:30","date_gmt":"2024-11-10T09:42:30","guid":{"rendered":"https:\/\/pelemix.com\/substrats-des-solutions-sur-mesure-pour-chaque-etape-de-la-croissance\/top-10-des-substrats-populaires\/"},"modified":"2025-07-02T11:44:18","modified_gmt":"2025-07-02T09:44:18","slug":"top-10-des-substrats-populaires","status":"publish","type":"page","link":"https:\/\/pelemix.com\/fr\/substrats-des-solutions-sur-mesure-pour-chaque-etape-de-la-croissance\/top-10-des-substrats-populaires\/","title":{"rendered":"Top 10 des substrats populaires"},"content":{"rendered":"\t\t<div data-elementor-type=\"wp-page\" data-elementor-id=\"10656\" class=\"elementor elementor-10656 elementor-5777\" data-elementor-post-type=\"page\">\n\t\t\t\t<div class=\"elementor-element elementor-element-4ebb233 e-flex e-con-boxed e-con e-parent\" data-id=\"4ebb233\" data-element_type=\"container\" data-e-type=\"container\" data-settings=\"{&quot;background_background&quot;:&quot;gradient&quot;}\">\n\t\t\t\t\t<div class=\"e-con-inner\">\n\t\t\t\t<div class=\"elementor-element elementor-element-bebb484 elementor-align-left elementor-widget elementor-widget-breadcrumbs\" data-id=\"bebb484\" data-element_type=\"widget\" data-e-type=\"widget\" data-widget_type=\"breadcrumbs.default\">\n\t\t\t\t<div class=\"elementor-widget-container\">\n\t\t\t\t\t<p id=\"breadcrumbs\"><span><span><a href=\"https:\/\/pelemix.com\/fr\/\">Home<\/a><\/span><\/span><\/p>\t\t\t\t<\/div>\n\t\t\t\t<\/div>\n\t\t\t\t<div class=\"elementor-element elementor-element-0c182ff elementor-widget__width-initial elementor-widget-laptop__width-initial elementor-widget elementor-widget-heading\" data-id=\"0c182ff\" data-element_type=\"widget\" data-e-type=\"widget\" data-widget_type=\"heading.default\">\n\t\t\t\t<div class=\"elementor-widget-container\">\n\t\t\t\t\t<h1 class=\"elementor-heading-title elementor-size-default\">Top 10 des substrats populaires&nbsp;: des choix \u00e9prouv\u00e9s pour des r\u00e9sultats optimaux<\/h1>\t\t\t\t<\/div>\n\t\t\t\t<\/div>\n\t\t\t\t\t<\/div>\n\t\t\t\t<\/div>\n\t\t<div class=\"elementor-element elementor-element-b8451a6 e-flex e-con-boxed e-con e-parent\" data-id=\"b8451a6\" data-element_type=\"container\" data-e-type=\"container\">\n\t\t\t\t\t<div class=\"e-con-inner\">\n\t\t\t\t<div class=\"elementor-element elementor-element-b39eb11 elementor-widget elementor-widget-text-editor\" data-id=\"b39eb11\" data-element_type=\"widget\" data-e-type=\"widget\" data-settings=\"{&quot;motion_fx_motion_fx_scrolling&quot;:&quot;yes&quot;,&quot;motion_fx_opacity_effect&quot;:&quot;yes&quot;,&quot;motion_fx_opacity_range&quot;:{&quot;unit&quot;:&quot;%&quot;,&quot;size&quot;:&quot;&quot;,&quot;sizes&quot;:{&quot;start&quot;:8,&quot;end&quot;:26}},&quot;motion_fx_opacity_direction&quot;:&quot;out-in&quot;,&quot;motion_fx_opacity_level&quot;:{&quot;unit&quot;:&quot;px&quot;,&quot;size&quot;:10,&quot;sizes&quot;:[]},&quot;motion_fx_devices&quot;:[&quot;desktop&quot;,&quot;laptop&quot;,&quot;tablet_extra&quot;,&quot;tablet&quot;,&quot;mobile_extra&quot;,&quot;mobile&quot;]}\" data-widget_type=\"text-editor.default\">\n\t\t\t\t<div class=\"elementor-widget-container\">\n\t\t\t\t\t\t\t\t\t<p>D\u00e9couvrez nos substrats les plus performants, chacun adapt\u00e9 aux besoins sp\u00e9cifiques de chaque culture et de chaque environnement. Que vous cultiviez sous serre \u00e0 haute densit\u00e9 ou en plein champ, nos 10 meilleurs substrats offrent des r\u00e9sultats fiables et des performances exceptionnelles. <\/p>\t\t\t\t\t\t\t\t<\/div>\n\t\t\t\t<\/div>\n\t\t\t\t<div class=\"elementor-element elementor-element-040af7a elementor-widget elementor-widget-ucaddon_list\" data-id=\"040af7a\" data-element_type=\"widget\" data-e-type=\"widget\" data-widget_type=\"ucaddon_list.default\">\n\t\t\t\t<div class=\"elementor-widget-container\">\n\t\t\t\t\t\n<!-- start List -->\n\t\t<link id='font-awesome-css' href='https:\/\/pelemix.com\/wp-content\/plugins\/unlimited-elements-for-elementor-premium\/assets_libraries\/font-awesome6\/fontawesome-all.min.css' type='text\/css' rel='stylesheet' >\n\t\t<link id='font-awesome-4-shim-css' href='https:\/\/pelemix.com\/wp-content\/plugins\/unlimited-elements-for-elementor-premium\/assets_libraries\/font-awesome6\/fontawesome-v4-shims.min.css' type='text\/css' rel='stylesheet' >\n\n<style>\/* widget: List *\/\n\n\r\n@keyframes uc_list_elementor_040af7a__item-animation {\r\n  0% {\r\n            \r\n        \t        \tfilter: blur(4px);\r\n\t\t\t\r\n    \t    opacity: 0;\r\n  }\r\n  100% {\r\n            \r\n        \t            filter: blur(0px);\r\n            \r\n    \t\topacity: 1;\r\n  }\r\n}\r\n\r\n\r\n#uc_list_elementor_040af7a .ue-list-item{\r\n\topacity:0;\r\n}\r\n\r\n\r\n#uc_list_elementor_040af7a .uc-entrance-animate {\r\n  opacity:1;\r\n}\r\n\r\n#uc_list_elementor_040af7a .uc-entrance-animate {\r\n\tanimation: uc_list_elementor_040af7a__item-animation 0.5s cubic-bezier(0.470, 0.000, 0.745, 0.715) both;\r\n}\r\n\r\n\t\t\t\n\n#uc_list_elementor_040af7a{\n  display:grid;\n  position:relative;\n}\n\n#uc_list_elementor_040af7a .ue-list-item{\n  display:flex;\n}\n\n#uc_list_elementor_040af7a .ue-list-item-title{\n  display:flex;\n  align-items: center;\n} \n\n\n\n#uc_list_elementor_040af7a .ue-list-item-image img{\n  max-width:100%;\n}\n\n#uc_list_elementor_040af7a .ue-list-item-text *{\n  transition: inherit;\n}\n\n#uc_list_elementor_040af7a .ue-list-item-index{\n  flex-grow:0;\n  flex-shrink:0;\n  display:flex;\n  align-items:center;\n  justify-content:center;\n  line-height:1em;\n}\n\n#uc_list_elementor_040af7a .ue-list-item-index svg{\n  height:1em;\n  width:1em;\n}\n\n#uc_list_elementor_040af7a .ue-list-item-content{\n  flex-grow:1;\n}\n\n.ue_badge{\n  font-size:13px;\n}\n\n<\/style>\n\n<div id=\"uc_list_elementor_040af7a\" class=\"ue-list uc-items-wrapper  \"  >\n  <a class=\"ue-list-item elementor-repeater-item-6b80ede\" >\n  <div class=\"ue-list-item-index\">\n            \t      \t\t1\n    \t                  \n  <\/div>\n  <div class=\"ue-list-item-content\">\n    <h3 class=\"ue-list-item-title\">M\u00e9lange de fibre de coco \u2013 \n                  <\/h3>\n          <div class=\"ue-list-item-text\"><p>Id\u00e9al pour une grande vari\u00e9t\u00e9 de cultures avec une excellente r\u00e9tention d'eau et a\u00e9ration.<\/p>\n<\/div>          <\/div>\n<\/a>\n<a class=\"ue-list-item elementor-repeater-item-1b7e57c\" >\n  <div class=\"ue-list-item-index\">\n            \t      \t\t2\n    \t                  \n  <\/div>\n  <div class=\"ue-list-item-content\">\n    <h3 class=\"ue-list-item-title\">M\u00e9lange de tourbe de coco \u2013 \n                  <\/h3>\n          <div class=\"ue-list-item-text\"><p>Con\u00e7u pour les syst\u00e8mes hydroponiques avec des propri\u00e9t\u00e9s de drainage sup\u00e9rieures<\/p>\n<\/div>          <\/div>\n<\/a>\n<a class=\"ue-list-item elementor-repeater-item-3e4a649\" >\n  <div class=\"ue-list-item-index\">\n            \t      \t\t3\n    \t                  \n  <\/div>\n  <div class=\"ue-list-item-content\">\n    <h3 class=\"ue-list-item-title\">M\u00e9lange de propagation \u2013 \n                  <\/h3>\n          <div class=\"ue-list-item-text\"><p>  Fibre de coco de qualit\u00e9 sup\u00e9rieure pour les semis d\u00e9licats<\/p>\n<\/div>          <\/div>\n<\/a>\n<a class=\"ue-list-item elementor-repeater-item-49e2df2\" >\n  <div class=\"ue-list-item-index\">\n            \t      \t\t4\n    \t                  \n  <\/div>\n  <div class=\"ue-list-item-content\">\n    <h3 class=\"ue-list-item-title\">Solutions \u00e0 toit ouvert \u2013 \n                  <\/h3>\n          <div class=\"ue-list-item-text\"><p>  Open Tops pr\u00eats \u00e0 l'emploi pour une plantation efficace et des \u00e9conomies de co\u00fbts.<\/p>\n<\/div>          <\/div>\n<\/a>\n<a class=\"ue-list-item elementor-repeater-item-b7bac19\" >\n  <div class=\"ue-list-item-index\">\n            \t      \t\t5\n    \t                  \n  <\/div>\n  <div class=\"ue-list-item-content\">\n    <h3 class=\"ue-list-item-title\">M\u00e9lange de myrtilles \u2013 \n                  <\/h3>\n          <div class=\"ue-list-item-text\"><p>Formul\u00e9 sp\u00e9cifiquement pour les cultures de baies \u00e0 haut rendement.<\/p>\n<\/div>          <\/div>\n<\/a>\n<a class=\"ue-list-item elementor-repeater-item-c747e5d\" >\n  <div class=\"ue-list-item-index\">\n            \t      \t\t6\n    \t                  \n  <\/div>\n  <div class=\"ue-list-item-content\">\n    <h3 class=\"ue-list-item-title\">Sacs de culture haut de gamme \u2013 \n                  <\/h3>\n          <div class=\"ue-list-item-text\"><p>Pour l'agriculture intensive et les op\u00e9rations commerciales de fraises et de l\u00e9gumes.<\/p>\n<\/div>          <\/div>\n<\/a>\n<a class=\"ue-list-item elementor-repeater-item-b921ed9\" >\n  <div class=\"ue-list-item-index\">\n            \t      \t\t7\n    \t                  \n  <\/div>\n  <div class=\"ue-list-item-content\">\n    <h3 class=\"ue-list-item-title\">M\u00e9lange de fibre de coco pour tomates \u2013 \n                  <\/h3>\n          <div class=\"ue-list-item-text\"><p>Con\u00e7u pour les syst\u00e8mes de culture hydroponiques et hors sol.<\/p>\n<\/div>          <\/div>\n<\/a>\n<a class=\"ue-list-item elementor-repeater-item-133f62d\" >\n  <div class=\"ue-list-item-index\">\n            \t      \t\t8\n    \t                  \n  <\/div>\n  <div class=\"ue-list-item-content\">\n    <h3 class=\"ue-list-item-title\">M\u00e9lange d'herbes \u2013 \n                  <\/h3>\n          <div class=\"ue-list-item-text\"><p>Id\u00e9al pour les plantes aromatiques et les cultures \u00e0 forte demande en nutriments.<\/p>\n<\/div>          <\/div>\n<\/a>\n<a class=\"ue-list-item elementor-repeater-item-fe8f82a\" >\n  <div class=\"ue-list-item-index\">\n            \t      \t\t9\n    \t                  \n  <\/div>\n  <div class=\"ue-list-item-content\">\n    <h3 class=\"ue-list-item-title\">M\u00e9lange d'orchid\u00e9es \u2013 \n                  <\/h3>\n          <div class=\"ue-list-item-text\"><p>Un m\u00e9lange sp\u00e9cialis\u00e9 pour les besoins d\u00e9licats des orchid\u00e9es.<\/p>\n<\/div>          <\/div>\n<\/a>\n<a class=\"ue-list-item elementor-repeater-item-b0690eb\" >\n  <div class=\"ue-list-item-index\">\n            \t      \t\t10\n    \t                  \n  <\/div>\n  <div class=\"ue-list-item-content\">\n    <h3 class=\"ue-list-item-title\">Renforceur de zone racinaire \u2013 \n                  <\/h3>\n          <div class=\"ue-list-item-text\"><p>Stimule le d\u00e9veloppement des racines pour une croissance plus rapide et des plantes plus saines.<\/p>\n<\/div>          <\/div>\n<\/a>\n\n<\/div>\n<!-- end List -->\t\t\t\t<\/div>\n\t\t\t\t<\/div>\n\t\t\t\t\t<\/div>\n\t\t\t\t<\/div>\n\t\t\t\t<\/div>\n\t\t","protected":false},"excerpt":{"rendered":"<p>Top 10 des substrats populaires&nbsp;: des choix \u00e9prouv\u00e9s pour des r\u00e9sultats optimaux D\u00e9couvrez nos substrats les plus performants, chacun adapt\u00e9 aux besoins sp\u00e9cifiques de chaque culture et de chaque environnement. Que vous cultiviez sous serre \u00e0 haute densit\u00e9 ou en plein champ, nos 10 meilleurs substrats offrent des r\u00e9sultats fiables et des performances exceptionnelles. 1 [&hellip;]<\/p>\n","protected":false},"author":3,"featured_media":0,"parent":10623,"menu_order":0,"comment_status":"closed","ping_status":"closed","template":"elementor_header_footer","meta":{"_acf_changed":false,"footnotes":"","_links_to":"","_links_to_target":""},"class_list":["post-10656","page","type-page","status-publish","hentry"],"acf":[],"yoast_head":"<!-- This site is optimized with the Yoast SEO plugin v25.4 - https:\/\/yoast.com\/wordpress\/plugins\/seo\/ -->\n<title>Top 10 des substrats populaires | Pelemix<\/title>\n<meta name=\"description\" content=\"Que vous cultiviez dans des serres \u00e0 haute densit\u00e9 ou que vous g\u00e9riez une agriculture en plein champ, nos 10 meilleurs substrats offrent des r\u00e9sultats fiables et des performances exceptionnelles.\" \/>\n<meta name=\"robots\" content=\"index, follow, max-snippet:-1, max-image-preview:large, max-video-preview:-1\" \/>\n<link rel=\"canonical\" href=\"https:\/\/pelemix.com\/fr\/substrats-des-solutions-sur-mesure-pour-chaque-etape-de-la-croissance\/top-10-des-substrats-populaires\/\" \/>\n<meta property=\"og:locale\" content=\"fr_FR\" \/>\n<meta property=\"og:type\" content=\"article\" \/>\n<meta property=\"og:title\" content=\"Top 10 des substrats populaires | Pelemix\" \/>\n<meta property=\"og:description\" content=\"Que vous cultiviez dans des serres \u00e0 haute densit\u00e9 ou que vous g\u00e9riez une agriculture en plein champ, nos 10 meilleurs substrats offrent des r\u00e9sultats fiables et des performances exceptionnelles.\" \/>\n<meta property=\"og:url\" content=\"https:\/\/pelemix.com\/fr\/substrats-des-solutions-sur-mesure-pour-chaque-etape-de-la-croissance\/top-10-des-substrats-populaires\/\" \/>\n<meta property=\"og:site_name\" content=\"Pelemix\" \/>\n<meta property=\"article:publisher\" content=\"https:\/\/www.facebook.com\/PelemixSpain\" \/>\n<meta property=\"article:modified_time\" content=\"2025-07-02T09:44:18+00:00\" \/>\n<meta property=\"og:image\" content=\"https:\/\/pelemix.com\/wp-content\/uploads\/2023\/09\/Open-Top-list.png\" \/>\n\t<meta property=\"og:image:width\" content=\"667\" \/>\n\t<meta property=\"og:image:height\" content=\"700\" \/>\n\t<meta property=\"og:image:type\" content=\"image\/png\" \/>\n<meta name=\"twitter:card\" content=\"summary_large_image\" \/>\n<meta name=\"twitter:label1\" content=\"Dur\u00e9e de lecture estim\u00e9e\" \/>\n\t<meta name=\"twitter:data1\" content=\"1 minute\" \/>\n<script type=\"application\/ld+json\" class=\"yoast-schema-graph\">{\"@context\":\"https:\/\/schema.org\",\"@graph\":[{\"@type\":\"WebPage\",\"@id\":\"https:\/\/pelemix.com\/fr\/substrats-des-solutions-sur-mesure-pour-chaque-etape-de-la-croissance\/top-10-des-substrats-populaires\/\",\"url\":\"https:\/\/pelemix.com\/fr\/substrats-des-solutions-sur-mesure-pour-chaque-etape-de-la-croissance\/top-10-des-substrats-populaires\/\",\"name\":\"Top 10 des substrats populaires | Pelemix\",\"isPartOf\":{\"@id\":\"https:\/\/pelemix.com\/fr\/#website\"},\"datePublished\":\"2024-11-10T09:42:30+00:00\",\"dateModified\":\"2025-07-02T09:44:18+00:00\",\"description\":\"Que vous cultiviez dans des serres \u00e0 haute densit\u00e9 ou que vous g\u00e9riez une agriculture en plein champ, nos 10 meilleurs substrats offrent des r\u00e9sultats fiables et des performances exceptionnelles.\",\"breadcrumb\":{\"@id\":\"https:\/\/pelemix.com\/fr\/substrats-des-solutions-sur-mesure-pour-chaque-etape-de-la-croissance\/top-10-des-substrats-populaires\/#breadcrumb\"},\"inLanguage\":\"fr-FR\",\"potentialAction\":[{\"@type\":\"ReadAction\",\"target\":[\"https:\/\/pelemix.com\/fr\/substrats-des-solutions-sur-mesure-pour-chaque-etape-de-la-croissance\/top-10-des-substrats-populaires\/\"]}]},{\"@type\":\"BreadcrumbList\",\"@id\":\"https:\/\/pelemix.com\/fr\/substrats-des-solutions-sur-mesure-pour-chaque-etape-de-la-croissance\/top-10-des-substrats-populaires\/#breadcrumb\",\"itemListElement\":[{\"@type\":\"ListItem\",\"position\":1,\"name\":\"Home\",\"item\":\"https:\/\/pelemix.com\/fr\/\"},{\"@type\":\"ListItem\",\"position\":2,\"name\":\"Substrats&nbsp;: des solutions sur mesure pour chaque \u00e9tape de la croissance\",\"item\":\"https:\/\/pelemix.com\/fr\/substrats-des-solutions-sur-mesure-pour-chaque-etape-de-la-croissance\/\"},{\"@type\":\"ListItem\",\"position\":3,\"name\":\"Top 10 des substrats populaires\"}]},{\"@type\":\"WebSite\",\"@id\":\"https:\/\/pelemix.com\/fr\/#website\",\"url\":\"https:\/\/pelemix.com\/fr\/\",\"name\":\"Pelemix\",\"description\":\"Pelemix is a leader in the coir \u2013 coco peat substrate market for Hydroponics growers and nurseries. Our coir is used worldwide as a growing media for various hydroponics crops\",\"publisher\":{\"@id\":\"https:\/\/pelemix.com\/fr\/#organization\"},\"potentialAction\":[{\"@type\":\"SearchAction\",\"target\":{\"@type\":\"EntryPoint\",\"urlTemplate\":\"https:\/\/pelemix.com\/fr\/?s={search_term_string}\"},\"query-input\":{\"@type\":\"PropertyValueSpecification\",\"valueRequired\":true,\"valueName\":\"search_term_string\"}}],\"inLanguage\":\"fr-FR\"},{\"@type\":\"Organization\",\"@id\":\"https:\/\/pelemix.com\/fr\/#organization\",\"name\":\"Pelemix - Professionals In Coir Substrates\",\"alternateName\":\"Pelemix\",\"url\":\"https:\/\/pelemix.com\/fr\/\",\"logo\":{\"@type\":\"ImageObject\",\"inLanguage\":\"fr-FR\",\"@id\":\"https:\/\/pelemix.com\/fr\/#\/schema\/logo\/image\/\",\"url\":\"https:\/\/pelemix.com\/wp-content\/uploads\/2023\/09\/Open-Top-list.png\",\"contentUrl\":\"https:\/\/pelemix.com\/wp-content\/uploads\/2023\/09\/Open-Top-list.png\",\"width\":667,\"height\":700,\"caption\":\"Pelemix - Professionals In Coir Substrates\"},\"image\":{\"@id\":\"https:\/\/pelemix.com\/fr\/#\/schema\/logo\/image\/\"},\"sameAs\":[\"https:\/\/www.facebook.com\/PelemixSpain\",\"https:\/\/www.linkedin.com\/company\/642244\/admin\/feed\/posts\",\"https:\/\/www.youtube.com\/@pelemix4178\"]}]}<\/script>\n<!-- \/ Yoast SEO plugin. -->","yoast_head_json":{"title":"Top 10 des substrats populaires | Pelemix","description":"Que vous cultiviez dans des serres \u00e0 haute densit\u00e9 ou que vous g\u00e9riez une agriculture en plein champ, nos 10 meilleurs substrats offrent des r\u00e9sultats fiables et des performances exceptionnelles.","robots":{"index":"index","follow":"follow","max-snippet":"max-snippet:-1","max-image-preview":"max-image-preview:large","max-video-preview":"max-video-preview:-1"},"canonical":"https:\/\/pelemix.com\/fr\/substrats-des-solutions-sur-mesure-pour-chaque-etape-de-la-croissance\/top-10-des-substrats-populaires\/","og_locale":"fr_FR","og_type":"article","og_title":"Top 10 des substrats populaires | Pelemix","og_description":"Que vous cultiviez dans des serres \u00e0 haute densit\u00e9 ou que vous g\u00e9riez une agriculture en plein champ, nos 10 meilleurs substrats offrent des r\u00e9sultats fiables et des performances exceptionnelles.","og_url":"https:\/\/pelemix.com\/fr\/substrats-des-solutions-sur-mesure-pour-chaque-etape-de-la-croissance\/top-10-des-substrats-populaires\/","og_site_name":"Pelemix","article_publisher":"https:\/\/www.facebook.com\/PelemixSpain","article_modified_time":"2025-07-02T09:44:18+00:00","og_image":[{"width":667,"height":700,"url":"https:\/\/pelemix.com\/wp-content\/uploads\/2023\/09\/Open-Top-list.png","type":"image\/png"}],"twitter_card":"summary_large_image","twitter_misc":{"Dur\u00e9e de lecture estim\u00e9e":"1 minute"},"schema":{"@context":"https:\/\/schema.org","@graph":[{"@type":"WebPage","@id":"https:\/\/pelemix.com\/fr\/substrats-des-solutions-sur-mesure-pour-chaque-etape-de-la-croissance\/top-10-des-substrats-populaires\/","url":"https:\/\/pelemix.com\/fr\/substrats-des-solutions-sur-mesure-pour-chaque-etape-de-la-croissance\/top-10-des-substrats-populaires\/","name":"Top 10 des substrats populaires | Pelemix","isPartOf":{"@id":"https:\/\/pelemix.com\/fr\/#website"},"datePublished":"2024-11-10T09:42:30+00:00","dateModified":"2025-07-02T09:44:18+00:00","description":"Que vous cultiviez dans des serres \u00e0 haute densit\u00e9 ou que vous g\u00e9riez une agriculture en plein champ, nos 10 meilleurs substrats offrent des r\u00e9sultats fiables et des performances exceptionnelles.","breadcrumb":{"@id":"https:\/\/pelemix.com\/fr\/substrats-des-solutions-sur-mesure-pour-chaque-etape-de-la-croissance\/top-10-des-substrats-populaires\/#breadcrumb"},"inLanguage":"fr-FR","potentialAction":[{"@type":"ReadAction","target":["https:\/\/pelemix.com\/fr\/substrats-des-solutions-sur-mesure-pour-chaque-etape-de-la-croissance\/top-10-des-substrats-populaires\/"]}]},{"@type":"BreadcrumbList","@id":"https:\/\/pelemix.com\/fr\/substrats-des-solutions-sur-mesure-pour-chaque-etape-de-la-croissance\/top-10-des-substrats-populaires\/#breadcrumb","itemListElement":[{"@type":"ListItem","position":1,"name":"Home","item":"https:\/\/pelemix.com\/fr\/"},{"@type":"ListItem","position":2,"name":"Substrats&nbsp;: des solutions sur mesure pour chaque \u00e9tape de la croissance","item":"https:\/\/pelemix.com\/fr\/substrats-des-solutions-sur-mesure-pour-chaque-etape-de-la-croissance\/"},{"@type":"ListItem","position":3,"name":"Top 10 des substrats populaires"}]},{"@type":"WebSite","@id":"https:\/\/pelemix.com\/fr\/#website","url":"https:\/\/pelemix.com\/fr\/","name":"Pelemix","description":"Pelemix is a leader in the coir \u2013 coco peat substrate market for Hydroponics growers and nurseries. Our coir is used worldwide as a growing media for various hydroponics crops","publisher":{"@id":"https:\/\/pelemix.com\/fr\/#organization"},"potentialAction":[{"@type":"SearchAction","target":{"@type":"EntryPoint","urlTemplate":"https:\/\/pelemix.com\/fr\/?s={search_term_string}"},"query-input":{"@type":"PropertyValueSpecification","valueRequired":true,"valueName":"search_term_string"}}],"inLanguage":"fr-FR"},{"@type":"Organization","@id":"https:\/\/pelemix.com\/fr\/#organization","name":"Pelemix - Professionals In Coir Substrates","alternateName":"Pelemix","url":"https:\/\/pelemix.com\/fr\/","logo":{"@type":"ImageObject","inLanguage":"fr-FR","@id":"https:\/\/pelemix.com\/fr\/#\/schema\/logo\/image\/","url":"https:\/\/pelemix.com\/wp-content\/uploads\/2023\/09\/Open-Top-list.png","contentUrl":"https:\/\/pelemix.com\/wp-content\/uploads\/2023\/09\/Open-Top-list.png","width":667,"height":700,"caption":"Pelemix - Professionals In Coir Substrates"},"image":{"@id":"https:\/\/pelemix.com\/fr\/#\/schema\/logo\/image\/"},"sameAs":["https:\/\/www.facebook.com\/PelemixSpain","https:\/\/www.linkedin.com\/company\/642244\/admin\/feed\/posts","https:\/\/www.youtube.com\/@pelemix4178"]}]}},"_links":{"self":[{"href":"https:\/\/pelemix.com\/fr\/wp-json\/wp\/v2\/pages\/10656","targetHints":{"allow":["GET"]}}],"collection":[{"href":"https:\/\/pelemix.com\/fr\/wp-json\/wp\/v2\/pages"}],"about":[{"href":"https:\/\/pelemix.com\/fr\/wp-json\/wp\/v2\/types\/page"}],"author":[{"embeddable":true,"href":"https:\/\/pelemix.com\/fr\/wp-json\/wp\/v2\/users\/3"}],"replies":[{"embeddable":true,"href":"https:\/\/pelemix.com\/fr\/wp-json\/wp\/v2\/comments?post=10656"}],"version-history":[{"count":1,"href":"https:\/\/pelemix.com\/fr\/wp-json\/wp\/v2\/pages\/10656\/revisions"}],"predecessor-version":[{"id":10702,"href":"https:\/\/pelemix.com\/fr\/wp-json\/wp\/v2\/pages\/10656\/revisions\/10702"}],"up":[{"embeddable":true,"href":"https:\/\/pelemix.com\/fr\/wp-json\/wp\/v2\/pages\/10623"}],"wp:attachment":[{"href":"https:\/\/pelemix.com\/fr\/wp-json\/wp\/v2\/media?parent=10656"}],"curies":[{"name":"wp","href":"https:\/\/api.w.org\/{rel}","templated":true}]}}