{"id":10924,"date":"2024-11-01T10:05:31","date_gmt":"2024-11-01T08:05:31","guid":{"rendered":"https:\/\/pelemix.com\/nos-principes-de-production\/"},"modified":"2025-07-02T11:45:12","modified_gmt":"2025-07-02T09:45:12","slug":"nos-principes-de-production","status":"publish","type":"page","link":"https:\/\/pelemix.com\/fr\/nos-principes-de-production\/","title":{"rendered":"Nos principes de production"},"content":{"rendered":"\t\t<div data-elementor-type=\"wp-page\" data-elementor-id=\"10924\" class=\"elementor elementor-10924 elementor-5719\" data-elementor-post-type=\"page\">\n\t\t\t\t<div class=\"elementor-element elementor-element-945b5c9 e-flex e-con-boxed e-con e-parent\" data-id=\"945b5c9\" data-element_type=\"container\" data-e-type=\"container\" data-settings=\"{&quot;background_background&quot;:&quot;gradient&quot;}\">\n\t\t\t\t\t<div class=\"e-con-inner\">\n\t\t\t\t<div class=\"elementor-element elementor-element-b45c4dd elementor-align-left elementor-widget elementor-widget-breadcrumbs\" data-id=\"b45c4dd\" data-element_type=\"widget\" data-e-type=\"widget\" data-widget_type=\"breadcrumbs.default\">\n\t\t\t\t<div class=\"elementor-widget-container\">\n\t\t\t\t\t<p id=\"breadcrumbs\"><span><span><a href=\"https:\/\/pelemix.com\/fr\/\">Hogar<\/a><\/span><\/span><\/p>\t\t\t\t<\/div>\n\t\t\t\t<\/div>\n\t\t\t\t<div class=\"elementor-element elementor-element-1dfc927 elementor-widget__width-initial elementor-widget-laptop__width-initial elementor-widget elementor-widget-heading\" data-id=\"1dfc927\" data-element_type=\"widget\" data-e-type=\"widget\" data-widget_type=\"heading.default\">\n\t\t\t\t<div class=\"elementor-widget-container\">\n\t\t\t\t\t<h1 class=\"elementor-heading-title elementor-size-default\">Principes de production : qualit\u00e9 et innovation d\u00e8s le d\u00e9part<\/h1>\t\t\t\t<\/div>\n\t\t\t\t<\/div>\n\t\t\t\t\t<\/div>\n\t\t\t\t<\/div>\n\t\t<div class=\"elementor-element elementor-element-01304b4 e-flex e-con-boxed e-con e-parent\" data-id=\"01304b4\" data-element_type=\"container\" data-e-type=\"container\">\n\t\t\t\t\t<div class=\"e-con-inner\">\n\t\t\t\t<div class=\"elementor-element elementor-element-2878c99 elementor-widget elementor-widget-text-editor\" data-id=\"2878c99\" data-element_type=\"widget\" data-e-type=\"widget\" data-settings=\"{&quot;motion_fx_motion_fx_scrolling&quot;:&quot;yes&quot;,&quot;motion_fx_opacity_effect&quot;:&quot;yes&quot;,&quot;motion_fx_opacity_range&quot;:{&quot;unit&quot;:&quot;%&quot;,&quot;size&quot;:&quot;&quot;,&quot;sizes&quot;:{&quot;start&quot;:8,&quot;end&quot;:26}},&quot;motion_fx_opacity_direction&quot;:&quot;out-in&quot;,&quot;motion_fx_opacity_level&quot;:{&quot;unit&quot;:&quot;px&quot;,&quot;size&quot;:10,&quot;sizes&quot;:[]},&quot;motion_fx_devices&quot;:[&quot;desktop&quot;,&quot;laptop&quot;,&quot;tablet_extra&quot;,&quot;tablet&quot;,&quot;mobile_extra&quot;,&quot;mobile&quot;]}\" data-widget_type=\"text-editor.default\">\n\t\t\t\t<div class=\"elementor-widget-container\">\n\t\t\t\t\t\t\t\t\t<p>Chez Pelemix, nous nous engageons \u00e0 produire des produits \u00e0 base de fibre de coco de la plus haute qualit\u00e9, adapt\u00e9s aux besoins sp\u00e9cifiques de l&rsquo;agriculture moderne. Notre processus de production allie des d\u00e9cennies d&rsquo;expertise \u00e0 une technologie de pointe pour offrir des solutions coh\u00e9rentes, durables et efficaces. <\/p>\t\t\t\t\t\t\t\t<\/div>\n\t\t\t\t<\/div>\n\t\t\t\t\t<\/div>\n\t\t\t\t<\/div>\n\t\t<div class=\"elementor-element elementor-element-ae68f77 e-flex e-con-boxed e-con e-parent\" data-id=\"ae68f77\" data-element_type=\"container\" data-e-type=\"container\">\n\t\t\t\t\t<div class=\"e-con-inner\">\n\t\t\t\t<div class=\"elementor-element elementor-element-16bb3f4 elementor-widget__width-initial rising-lines to-text-dic elementor-widget elementor-widget-heading\" data-id=\"16bb3f4\" data-element_type=\"widget\" data-e-type=\"widget\" data-widget_type=\"heading.default\">\n\t\t\t\t<div class=\"elementor-widget-container\">\n\t\t\t\t\t<h2 class=\"elementor-heading-title elementor-size-default\">Ce qui distingue notre production :<\/h2>\t\t\t\t<\/div>\n\t\t\t\t<\/div>\n\t\t\t\t\t<\/div>\n\t\t\t\t<\/div>\n\t\t<div class=\"elementor-element elementor-element-85b89f2 e-flex e-con-boxed e-con e-parent\" data-id=\"85b89f2\" data-element_type=\"container\" data-e-type=\"container\">\n\t\t\t\t\t<div class=\"e-con-inner\">\n\t\t<div class=\"elementor-element elementor-element-58591f1 e-con-full e-flex e-con e-child\" data-id=\"58591f1\" data-element_type=\"container\" data-e-type=\"container\" data-settings=\"{&quot;background_background&quot;:&quot;classic&quot;,&quot;motion_fx_motion_fx_scrolling&quot;:&quot;yes&quot;,&quot;motion_fx_translateY_effect&quot;:&quot;yes&quot;,&quot;motion_fx_translateY_speed&quot;:{&quot;unit&quot;:&quot;px&quot;,&quot;size&quot;:5.5,&quot;sizes&quot;:[]},&quot;motion_fx_translateY_affectedRange&quot;:{&quot;unit&quot;:&quot;%&quot;,&quot;size&quot;:&quot;&quot;,&quot;sizes&quot;:{&quot;start&quot;:0,&quot;end&quot;:55}},&quot;motion_fx_devices&quot;:[&quot;desktop&quot;,&quot;laptop&quot;,&quot;tablet_extra&quot;]}\">\n\t\t\t\t<div class=\"elementor-element elementor-element-9e24f08 elementor-widget elementor-widget-ucaddon_uc_material_bullets\" data-id=\"9e24f08\" data-element_type=\"widget\" data-e-type=\"widget\" data-widget_type=\"ucaddon_uc_material_bullets.default\">\n\t\t\t\t<div class=\"elementor-widget-container\">\n\t\t\t\t\t\n<!-- start Icon Bullets -->\n\t\t<link id='font-awesome-css' href='https:\/\/pelemix.com\/wp-content\/plugins\/unlimited-elements-for-elementor-premium\/assets_libraries\/font-awesome6\/fontawesome-all.min.css' type='text\/css' rel='stylesheet' >\n\t\t<link id='font-awesome-4-shim-css' href='https:\/\/pelemix.com\/wp-content\/plugins\/unlimited-elements-for-elementor-premium\/assets_libraries\/font-awesome6\/fontawesome-v4-shims.min.css' type='text\/css' rel='stylesheet' >\n\n<style>\/* widget: Icon Bullets *\/\n\n\r\n@keyframes uc_uc_material_bullets_elementor_9e24f08__item-animation {\r\n  0% {\r\n            \r\n        \t        \tfilter: blur(4px);\r\n\t\t\t\r\n    \t    opacity: 0;\r\n  }\r\n  100% {\r\n            \r\n        \t            filter: blur(0px);\r\n            \r\n    \t\topacity: 1;\r\n  }\r\n}\r\n\r\n\r\n#uc_uc_material_bullets_elementor_9e24f08 .uc_material_bullets_row{\r\n\topacity:0;\r\n}\r\n\r\n\r\n#uc_uc_material_bullets_elementor_9e24f08 .uc-entrance-animate {\r\n  opacity:1;\r\n}\r\n\r\n#uc_uc_material_bullets_elementor_9e24f08 .uc-entrance-animate {\r\n\tanimation: uc_uc_material_bullets_elementor_9e24f08__item-animation 0.7s cubic-bezier(0.470, 0.000, 0.745, 0.715) both;\r\n}\r\n\r\n\t\t\t\n\n#uc_uc_material_bullets_elementor_9e24f08 *{\n\t-webkit-box-sizing: border-box;\n\t-moz-box-sizing: border-box;\n\tbox-sizing: border-box;\n}\n\n#uc_uc_material_bullets_elementor_9e24f08 .uc-bullet-active{\n}\n\n\n#uc_uc_material_bullets_elementor_9e24f08 .ue-icon\n{\n  display:flex;\n  align-items:center;\n  justify-content:center;\n  flex-grow:0;\n  flex-shrink:0;\n  line-height:1em;\n  transition:0.3s;\n}\n\n#uc_uc_material_bullets_elementor_9e24f08 .ue-icon svg\n{\n  height:1em;\n  width:1em;\n}\n\n\n#uc_uc_material_bullets_elementor_9e24f08 .uc_material_bullets_row\n{\n\tfont-weight:400;\n\toverflow:hidden;\n\tdisplay:flex;\n\tposition:relative;\n\ttext-align:left;\n\twidth:100%;\n   \n    transition:0.3s;\n}\n\n\n#uc_uc_material_bullets_elementor_9e24f08 .uc_material_bullets_row a.ue-item-link\n{\n  position:absolute;\n  display:block;\n  top:0;\n  right:0;\n  left:0;\n  bottom:0;\n}\n\n#uc_uc_material_bullets_elementor_9e24f08 .uc_material_bullets_row:last-child\n{\n\tmargin-bottom:0px !important;\n}\n\n\n#uc_uc_material_bullets_elementor_9e24f08 .uc_material_bullets_row \n{\n\tposition:relative;\n\tvertical-align:middle;\n}\n\n#uc_uc_material_bullets_elementor_9e24f08 .uc_material_bullets_row .uc_content_box\n{\n\tdisplay:flex;\n    flex-direction:column;\n    justify-content:center;\n    align-items: flex-start;\n    flex-grow:1;\n}\n\n#uc_uc_material_bullets_elementor_9e24f08 .ue-bullets\n{\n  display:grid;\n}\n\n#uc_uc_material_bullets_elementor_9e24f08 .ue-text, #uc_uc_material_bullets_elementor_9e24f08 .ue-title, #uc_uc_material_bullets_elementor_9e24f08 .ue-seperator\n{\n  width:100%;\n}\n\n#uc_uc_material_bullets_elementor_9e24f08 .ue-seperator-line\n{\n  display:inline-block;\n  font-size:0px;\n}\n\n#uc_uc_material_bullets_elementor_9e24f08 .ue-seperator\n{\n  font-size:0px;\n}\n\n#uc_uc_material_bullets_elementor_9e24f08.uc-remote-parent .uc_material_bullets_row\n{\n  cursor:pointer;\n}\n\n.ue-title\n{\n  font-size:21px;\n  margin:0;\n}\n\n<\/style>\n\n<div class=\"uc_material_bullets  \"  id=\"uc_uc_material_bullets_elementor_9e24f08\"  >   \t\n    \t<div class=\"ue-bullets uc-items-wrapper\">\n          \t<div class=\"uc_material_bullets_row elementor-repeater-item-59bdeee\">\n              <div class=\"ue-icon\">\n                    <i class=''><\/i>                    \t\n\n                \n              <\/div>\n  <div class=\"uc_content_box uc_ceal\">\n    <h3 class=\"ue-title\">Naturel et durable :  <\/h3>\n    \n    \t\n    \n    <div class=\"ue-text\">Nous nous approvisionnons soigneusement en coques de noix de coco 100 % naturelles, les transformant en supports de culture de qualit\u00e9 sup\u00e9rieure gr\u00e2ce \u00e0 des processus \u00e9cologiques et efficaces.<\/div>\t\n  <\/div>\n    \t\n<\/div>\n<div class=\"uc_material_bullets_row elementor-repeater-item-8bd2e4f\">\n              <div class=\"ue-icon\">\n                    <i class=''><\/i>                    \t\n\n                \n              <\/div>\n  <div class=\"uc_content_box uc_ceal\">\n    <h3 class=\"ue-title\">Neutralisation innovante :  <\/h3>\n    \n    \t\n    \n    <div class=\"ue-text\">Nos techniques de neutralisation sp\u00e9cialis\u00e9es, y compris les proc\u00e9d\u00e9s naturels et lav\u00e9s, garantissent que nos substrats sont exempts d\u2019\u00e9l\u00e9ments nocifs, parfaitement \u00e9quilibr\u00e9s et pr\u00eats \u00e0 l\u2019emploi.<\/div>\t\n  <\/div>\n    \t\n<\/div>\n<div class=\"uc_material_bullets_row elementor-repeater-item-0ec3c10\">\n              <div class=\"ue-icon\">\n                    <i class=''><\/i>                    \t\n\n                \n              <\/div>\n  <div class=\"uc_content_box uc_ceal\">\n    <h3 class=\"ue-title\">Solutions sur mesure :<\/h3>\n    \n    \t\n    \n    <div class=\"ue-text\">Chaque produit est con\u00e7u pour r\u00e9pondre aux exigences sp\u00e9cifiques des diff\u00e9rentes cultures, climats et m\u00e9thodes de culture, offrant flexibilit\u00e9 et performances optimis\u00e9es \u00e0 nos clients.<\/div>\t\n  <\/div>\n    \t\n<\/div>\n<div class=\"uc_material_bullets_row elementor-repeater-item-98288d2\">\n              <div class=\"ue-icon\">\n                    <i class=''><\/i>                    \t\n\n                \n              <\/div>\n  <div class=\"uc_content_box uc_ceal\">\n    <h3 class=\"ue-title\">Coh\u00e9rence et fiabilit\u00e9 :  <\/h3>\n    \n    \t\n    \n    <div class=\"ue-text\">Gr\u00e2ce \u00e0 des contr\u00f4les de qualit\u00e9 rigoureux et \u00e0 des m\u00e9thodes de production avanc\u00e9es, nous garantissons le m\u00eame niveau de performance \u00e9lev\u00e9 avec chaque produit, soutenant des r\u00e9sultats de croissance pr\u00e9visibles et reproductibles.<\/div>\t\n  <\/div>\n    \t\n<\/div>\n\n      <\/div>\n<\/div>\n<!-- end Icon Bullets -->\t\t\t\t<\/div>\n\t\t\t\t<\/div>\n\t\t<div class=\"elementor-element elementor-element-318bf1e e-con-full e-flex e-con e-child\" data-id=\"318bf1e\" data-element_type=\"container\" data-e-type=\"container\">\n\t\t\t\t<div class=\"elementor-element elementor-element-0707275 elementor-widget elementor-widget-heading\" data-id=\"0707275\" data-element_type=\"widget\" data-e-type=\"widget\" data-widget_type=\"heading.default\">\n\t\t\t\t<div class=\"elementor-widget-container\">\n\t\t\t\t\t<h4 class=\"elementor-heading-title elementor-size-default\">Chez Pelemix, nos principes de production reposent sur la durabilit\u00e9, la qualit\u00e9 et l\u2019innovation, des valeurs qui garantissent la prosp\u00e9rit\u00e9 de vos cultures et la r\u00e9ussite de votre entreprise.<\/h4>\t\t\t\t<\/div>\n\t\t\t\t<\/div>\n\t\t\t\t<\/div>\n\t\t\t\t<\/div>\n\t\t<div class=\"elementor-element elementor-element-9338b09 e-con-full e-flex e-con e-child\" data-id=\"9338b09\" data-element_type=\"container\" data-e-type=\"container\" data-settings=\"{&quot;sticky&quot;:&quot;top&quot;,&quot;sticky_on&quot;:[&quot;desktop&quot;,&quot;laptop&quot;,&quot;tablet_extra&quot;,&quot;tablet&quot;],&quot;sticky_offset&quot;:200,&quot;sticky_effects_offset&quot;:5,&quot;sticky_parent&quot;:&quot;yes&quot;,&quot;sticky_offset_mobile_extra&quot;:140,&quot;background_background&quot;:&quot;classic&quot;,&quot;sticky_anchor_link_offset&quot;:0}\">\n\t\t\t\t<div class=\"elementor-element elementor-element-c751931 list-bg-img elementor-widget elementor-widget-image\" data-id=\"c751931\" data-element_type=\"widget\" data-e-type=\"widget\" data-widget_type=\"image.default\">\n\t\t\t\t<div class=\"elementor-widget-container\">\n\t\t\t\t\t\t\t\t\t\t\t\t\t\t\t<img fetchpriority=\"high\" decoding=\"async\" width=\"667\" height=\"700\" src=\"https:\/\/pelemix.com\/wp-content\/uploads\/2024\/11\/Looseblends-list.jpg\" class=\"attachment-full size-full wp-image-10879\" alt=\"Loose\/blends - pelemix\" srcset=\"https:\/\/pelemix.com\/wp-content\/uploads\/2024\/11\/Looseblends-list.jpg 667w, https:\/\/pelemix.com\/wp-content\/uploads\/2024\/11\/Looseblends-list-286x300.jpg 286w\" sizes=\"(max-width: 667px) 100vw, 667px\" \/>\t\t\t\t\t\t\t\t\t\t\t\t\t\t\t<\/div>\n\t\t\t\t<\/div>\n\t\t\t\t<\/div>\n\t\t\t\t\t<\/div>\n\t\t\t\t<\/div>\n\t\t\t\t<\/div>\n\t\t","protected":false},"excerpt":{"rendered":"<p>Principes de production : qualit\u00e9 et innovation d\u00e8s le d\u00e9part Chez Pelemix, nous nous engageons \u00e0 produire des produits \u00e0 base de fibre de coco de la plus haute qualit\u00e9, adapt\u00e9s aux besoins sp\u00e9cifiques de l&rsquo;agriculture moderne. Notre processus de production allie des d\u00e9cennies d&rsquo;expertise \u00e0 une technologie de pointe pour offrir des solutions coh\u00e9rentes, [&hellip;]<\/p>\n","protected":false},"author":3,"featured_media":0,"parent":0,"menu_order":0,"comment_status":"closed","ping_status":"closed","template":"elementor_header_footer","meta":{"_acf_changed":false,"footnotes":"","_links_to":"","_links_to_target":""},"class_list":["post-10924","page","type-page","status-publish","hentry"],"acf":[],"yoast_head":"<!-- This site is optimized with the Yoast SEO plugin v25.4 - https:\/\/yoast.com\/wordpress\/plugins\/seo\/ -->\n<title>Nos principes de production | Pelemix<\/title>\n<meta name=\"description\" content=\"Chez Pelemix, nous nous engageons \u00e0 produire des produits \u00e0 base de fibre de coco de la plus haute qualit\u00e9, adapt\u00e9s aux besoins uniques de l&#039;agriculture moderne.\" \/>\n<meta name=\"robots\" content=\"index, follow, max-snippet:-1, max-image-preview:large, max-video-preview:-1\" \/>\n<link rel=\"canonical\" href=\"https:\/\/pelemix.com\/fr\/nos-principes-de-production\/\" \/>\n<meta property=\"og:locale\" content=\"fr_FR\" \/>\n<meta property=\"og:type\" content=\"article\" \/>\n<meta property=\"og:title\" content=\"Nos principes de production | Pelemix\" \/>\n<meta property=\"og:description\" content=\"Chez Pelemix, nous nous engageons \u00e0 produire des produits \u00e0 base de fibre de coco de la plus haute qualit\u00e9, adapt\u00e9s aux besoins uniques de l&#039;agriculture moderne.\" \/>\n<meta property=\"og:url\" content=\"https:\/\/pelemix.com\/fr\/nos-principes-de-production\/\" \/>\n<meta property=\"og:site_name\" content=\"Pelemix\" \/>\n<meta property=\"article:publisher\" content=\"https:\/\/www.facebook.com\/PelemixSpain\" \/>\n<meta property=\"article:modified_time\" content=\"2025-07-02T09:45:12+00:00\" \/>\n<meta property=\"og:image\" content=\"https:\/\/pelemix.com\/wp-content\/uploads\/2024\/11\/Looseblends-list.jpg\" \/>\n\t<meta property=\"og:image:width\" content=\"667\" \/>\n\t<meta property=\"og:image:height\" content=\"700\" \/>\n\t<meta property=\"og:image:type\" content=\"image\/jpeg\" \/>\n<meta name=\"twitter:card\" content=\"summary_large_image\" \/>\n<meta name=\"twitter:label1\" content=\"Dur\u00e9e de lecture estim\u00e9e\" \/>\n\t<meta name=\"twitter:data1\" content=\"1 minute\" \/>\n<script type=\"application\/ld+json\" class=\"yoast-schema-graph\">{\"@context\":\"https:\/\/schema.org\",\"@graph\":[{\"@type\":\"WebPage\",\"@id\":\"https:\/\/pelemix.com\/fr\/nos-principes-de-production\/\",\"url\":\"https:\/\/pelemix.com\/fr\/nos-principes-de-production\/\",\"name\":\"Nos principes de production | Pelemix\",\"isPartOf\":{\"@id\":\"https:\/\/pelemix.com\/fr\/#website\"},\"primaryImageOfPage\":{\"@id\":\"https:\/\/pelemix.com\/fr\/nos-principes-de-production\/#primaryimage\"},\"image\":{\"@id\":\"https:\/\/pelemix.com\/fr\/nos-principes-de-production\/#primaryimage\"},\"thumbnailUrl\":\"https:\/\/pelemix.com\/wp-content\/uploads\/2024\/11\/Looseblends-list.jpg\",\"datePublished\":\"2024-11-01T08:05:31+00:00\",\"dateModified\":\"2025-07-02T09:45:12+00:00\",\"description\":\"Chez Pelemix, nous nous engageons \u00e0 produire des produits \u00e0 base de fibre de coco de la plus haute qualit\u00e9, adapt\u00e9s aux besoins uniques de l'agriculture moderne.\",\"breadcrumb\":{\"@id\":\"https:\/\/pelemix.com\/fr\/nos-principes-de-production\/#breadcrumb\"},\"inLanguage\":\"fr-FR\",\"potentialAction\":[{\"@type\":\"ReadAction\",\"target\":[\"https:\/\/pelemix.com\/fr\/nos-principes-de-production\/\"]}]},{\"@type\":\"ImageObject\",\"inLanguage\":\"fr-FR\",\"@id\":\"https:\/\/pelemix.com\/fr\/nos-principes-de-production\/#primaryimage\",\"url\":\"https:\/\/pelemix.com\/wp-content\/uploads\/2024\/11\/Looseblends-list.jpg\",\"contentUrl\":\"https:\/\/pelemix.com\/wp-content\/uploads\/2024\/11\/Looseblends-list.jpg\"},{\"@type\":\"BreadcrumbList\",\"@id\":\"https:\/\/pelemix.com\/fr\/nos-principes-de-production\/#breadcrumb\",\"itemListElement\":[{\"@type\":\"ListItem\",\"position\":1,\"name\":\"Hogar\",\"item\":\"https:\/\/pelemix.com\/fr\/\"},{\"@type\":\"ListItem\",\"position\":2,\"name\":\"Nos principes de production\"}]},{\"@type\":\"WebSite\",\"@id\":\"https:\/\/pelemix.com\/fr\/#website\",\"url\":\"https:\/\/pelemix.com\/fr\/\",\"name\":\"Pelemix\",\"description\":\"Pelemix is a leader in the coir \u2013 coco peat substrate market for Hydroponics growers and nurseries. Our coir is used worldwide as a growing media for various hydroponics crops\",\"publisher\":{\"@id\":\"https:\/\/pelemix.com\/fr\/#organization\"},\"potentialAction\":[{\"@type\":\"SearchAction\",\"target\":{\"@type\":\"EntryPoint\",\"urlTemplate\":\"https:\/\/pelemix.com\/fr\/?s={search_term_string}\"},\"query-input\":{\"@type\":\"PropertyValueSpecification\",\"valueRequired\":true,\"valueName\":\"search_term_string\"}}],\"inLanguage\":\"fr-FR\"},{\"@type\":\"Organization\",\"@id\":\"https:\/\/pelemix.com\/fr\/#organization\",\"name\":\"Pelemix - Professionals In Coir Substrates\",\"alternateName\":\"Pelemix\",\"url\":\"https:\/\/pelemix.com\/fr\/\",\"logo\":{\"@type\":\"ImageObject\",\"inLanguage\":\"fr-FR\",\"@id\":\"https:\/\/pelemix.com\/fr\/#\/schema\/logo\/image\/\",\"url\":\"https:\/\/pelemix.com\/wp-content\/uploads\/2023\/09\/Open-Top-list.png\",\"contentUrl\":\"https:\/\/pelemix.com\/wp-content\/uploads\/2023\/09\/Open-Top-list.png\",\"width\":667,\"height\":700,\"caption\":\"Pelemix - Professionals In Coir Substrates\"},\"image\":{\"@id\":\"https:\/\/pelemix.com\/fr\/#\/schema\/logo\/image\/\"},\"sameAs\":[\"https:\/\/www.facebook.com\/PelemixSpain\",\"https:\/\/www.linkedin.com\/company\/642244\/admin\/feed\/posts\",\"https:\/\/www.youtube.com\/@pelemix4178\"]}]}<\/script>\n<!-- \/ Yoast SEO plugin. -->","yoast_head_json":{"title":"Nos principes de production | Pelemix","description":"Chez Pelemix, nous nous engageons \u00e0 produire des produits \u00e0 base de fibre de coco de la plus haute qualit\u00e9, adapt\u00e9s aux besoins uniques de l'agriculture moderne.","robots":{"index":"index","follow":"follow","max-snippet":"max-snippet:-1","max-image-preview":"max-image-preview:large","max-video-preview":"max-video-preview:-1"},"canonical":"https:\/\/pelemix.com\/fr\/nos-principes-de-production\/","og_locale":"fr_FR","og_type":"article","og_title":"Nos principes de production | Pelemix","og_description":"Chez Pelemix, nous nous engageons \u00e0 produire des produits \u00e0 base de fibre de coco de la plus haute qualit\u00e9, adapt\u00e9s aux besoins uniques de l'agriculture moderne.","og_url":"https:\/\/pelemix.com\/fr\/nos-principes-de-production\/","og_site_name":"Pelemix","article_publisher":"https:\/\/www.facebook.com\/PelemixSpain","article_modified_time":"2025-07-02T09:45:12+00:00","og_image":[{"width":667,"height":700,"url":"https:\/\/pelemix.com\/wp-content\/uploads\/2024\/11\/Looseblends-list.jpg","type":"image\/jpeg"}],"twitter_card":"summary_large_image","twitter_misc":{"Dur\u00e9e de lecture estim\u00e9e":"1 minute"},"schema":{"@context":"https:\/\/schema.org","@graph":[{"@type":"WebPage","@id":"https:\/\/pelemix.com\/fr\/nos-principes-de-production\/","url":"https:\/\/pelemix.com\/fr\/nos-principes-de-production\/","name":"Nos principes de production | Pelemix","isPartOf":{"@id":"https:\/\/pelemix.com\/fr\/#website"},"primaryImageOfPage":{"@id":"https:\/\/pelemix.com\/fr\/nos-principes-de-production\/#primaryimage"},"image":{"@id":"https:\/\/pelemix.com\/fr\/nos-principes-de-production\/#primaryimage"},"thumbnailUrl":"https:\/\/pelemix.com\/wp-content\/uploads\/2024\/11\/Looseblends-list.jpg","datePublished":"2024-11-01T08:05:31+00:00","dateModified":"2025-07-02T09:45:12+00:00","description":"Chez Pelemix, nous nous engageons \u00e0 produire des produits \u00e0 base de fibre de coco de la plus haute qualit\u00e9, adapt\u00e9s aux besoins uniques de l'agriculture moderne.","breadcrumb":{"@id":"https:\/\/pelemix.com\/fr\/nos-principes-de-production\/#breadcrumb"},"inLanguage":"fr-FR","potentialAction":[{"@type":"ReadAction","target":["https:\/\/pelemix.com\/fr\/nos-principes-de-production\/"]}]},{"@type":"ImageObject","inLanguage":"fr-FR","@id":"https:\/\/pelemix.com\/fr\/nos-principes-de-production\/#primaryimage","url":"https:\/\/pelemix.com\/wp-content\/uploads\/2024\/11\/Looseblends-list.jpg","contentUrl":"https:\/\/pelemix.com\/wp-content\/uploads\/2024\/11\/Looseblends-list.jpg"},{"@type":"BreadcrumbList","@id":"https:\/\/pelemix.com\/fr\/nos-principes-de-production\/#breadcrumb","itemListElement":[{"@type":"ListItem","position":1,"name":"Hogar","item":"https:\/\/pelemix.com\/fr\/"},{"@type":"ListItem","position":2,"name":"Nos principes de production"}]},{"@type":"WebSite","@id":"https:\/\/pelemix.com\/fr\/#website","url":"https:\/\/pelemix.com\/fr\/","name":"Pelemix","description":"Pelemix is a leader in the coir \u2013 coco peat substrate market for Hydroponics growers and nurseries. Our coir is used worldwide as a growing media for various hydroponics crops","publisher":{"@id":"https:\/\/pelemix.com\/fr\/#organization"},"potentialAction":[{"@type":"SearchAction","target":{"@type":"EntryPoint","urlTemplate":"https:\/\/pelemix.com\/fr\/?s={search_term_string}"},"query-input":{"@type":"PropertyValueSpecification","valueRequired":true,"valueName":"search_term_string"}}],"inLanguage":"fr-FR"},{"@type":"Organization","@id":"https:\/\/pelemix.com\/fr\/#organization","name":"Pelemix - Professionals In Coir Substrates","alternateName":"Pelemix","url":"https:\/\/pelemix.com\/fr\/","logo":{"@type":"ImageObject","inLanguage":"fr-FR","@id":"https:\/\/pelemix.com\/fr\/#\/schema\/logo\/image\/","url":"https:\/\/pelemix.com\/wp-content\/uploads\/2023\/09\/Open-Top-list.png","contentUrl":"https:\/\/pelemix.com\/wp-content\/uploads\/2023\/09\/Open-Top-list.png","width":667,"height":700,"caption":"Pelemix - Professionals In Coir Substrates"},"image":{"@id":"https:\/\/pelemix.com\/fr\/#\/schema\/logo\/image\/"},"sameAs":["https:\/\/www.facebook.com\/PelemixSpain","https:\/\/www.linkedin.com\/company\/642244\/admin\/feed\/posts","https:\/\/www.youtube.com\/@pelemix4178"]}]}},"_links":{"self":[{"href":"https:\/\/pelemix.com\/fr\/wp-json\/wp\/v2\/pages\/10924","targetHints":{"allow":["GET"]}}],"collection":[{"href":"https:\/\/pelemix.com\/fr\/wp-json\/wp\/v2\/pages"}],"about":[{"href":"https:\/\/pelemix.com\/fr\/wp-json\/wp\/v2\/types\/page"}],"author":[{"embeddable":true,"href":"https:\/\/pelemix.com\/fr\/wp-json\/wp\/v2\/users\/3"}],"replies":[{"embeddable":true,"href":"https:\/\/pelemix.com\/fr\/wp-json\/wp\/v2\/comments?post=10924"}],"version-history":[{"count":1,"href":"https:\/\/pelemix.com\/fr\/wp-json\/wp\/v2\/pages\/10924\/revisions"}],"predecessor-version":[{"id":10925,"href":"https:\/\/pelemix.com\/fr\/wp-json\/wp\/v2\/pages\/10924\/revisions\/10925"}],"wp:attachment":[{"href":"https:\/\/pelemix.com\/fr\/wp-json\/wp\/v2\/media?parent=10924"}],"curies":[{"name":"wp","href":"https:\/\/api.w.org\/{rel}","templated":true}]}}