{"id":10846,"date":"2024-12-10T12:22:23","date_gmt":"2024-12-10T10:22:23","guid":{"rendered":"https:\/\/pelemix.com\/product\/sacs-de-culture-pour-baies\/"},"modified":"2024-12-10T12:22:23","modified_gmt":"2024-12-10T10:22:23","slug":"sacs-de-culture-pour-baies","status":"publish","type":"product","link":"https:\/\/pelemix.com\/fr\/product\/sacs-de-culture-pour-baies\/","title":{"rendered":"Sacs de culture pour baies"},"excerpt":{"rendered":"<p>La culture des fraises simplifi\u00e9e gr\u00e2ce aux sacs de culture Pelemix<\/p>\n","protected":false},"author":3,"featured_media":10850,"menu_order":0,"template":"","format":"standard","meta":{"_acf_changed":false,"_links_to":"","_links_to_target":""},"class_list":["post-10846","product","type-product","status-publish","format-standard","has-post-thumbnail","hentry"],"acf":[],"yoast_head":"<!-- This site is optimized with the Yoast SEO plugin v25.4 - https:\/\/yoast.com\/wordpress\/plugins\/seo\/ -->\n<title>Sacs de culture pour baies | Pelemix<\/title>\n<meta name=\"description\" content=\"Les sacs de culture uniques et \u00e0 la pointe de la technologie de Pelemix sont con\u00e7us pour une culture optimale des fraises. L&#039;excellence \u00e0 chaque \u00e9tape.\" \/>\n<meta name=\"robots\" content=\"index, follow, max-snippet:-1, max-image-preview:large, max-video-preview:-1\" \/>\n<link rel=\"canonical\" href=\"https:\/\/pelemix.com\/fr\/product\/sacs-de-culture-pour-baies\/\" \/>\n<meta property=\"og:locale\" content=\"fr_FR\" \/>\n<meta property=\"og:type\" content=\"article\" \/>\n<meta property=\"og:title\" content=\"Sacs de culture pour baies | Pelemix\" \/>\n<meta property=\"og:description\" content=\"Les sacs de culture uniques et \u00e0 la pointe de la technologie de Pelemix sont con\u00e7us pour une culture optimale des fraises. L&#039;excellence \u00e0 chaque \u00e9tape.\" \/>\n<meta property=\"og:url\" content=\"https:\/\/pelemix.com\/fr\/product\/sacs-de-culture-pour-baies\/\" \/>\n<meta property=\"og:site_name\" content=\"Pelemix\" \/>\n<meta property=\"article:publisher\" content=\"https:\/\/www.facebook.com\/PelemixSpain\" \/>\n<meta property=\"og:image\" content=\"https:\/\/pelemix.com\/wp-content\/uploads\/2024\/12\/Growbags-for-berries-strawberries.png\" \/>\n\t<meta property=\"og:image:width\" content=\"1080\" \/>\n\t<meta property=\"og:image:height\" content=\"1080\" \/>\n\t<meta property=\"og:image:type\" content=\"image\/png\" \/>\n<meta name=\"twitter:card\" content=\"summary_large_image\" \/>\n<script type=\"application\/ld+json\" class=\"yoast-schema-graph\">{\"@context\":\"https:\/\/schema.org\",\"@graph\":[{\"@type\":\"WebPage\",\"@id\":\"https:\/\/pelemix.com\/fr\/product\/sacs-de-culture-pour-baies\/\",\"url\":\"https:\/\/pelemix.com\/fr\/product\/sacs-de-culture-pour-baies\/\",\"name\":\"Sacs de culture pour baies | Pelemix\",\"isPartOf\":{\"@id\":\"https:\/\/pelemix.com\/fr\/#website\"},\"primaryImageOfPage\":{\"@id\":\"https:\/\/pelemix.com\/fr\/product\/sacs-de-culture-pour-baies\/#primaryimage\"},\"image\":{\"@id\":\"https:\/\/pelemix.com\/fr\/product\/sacs-de-culture-pour-baies\/#primaryimage\"},\"thumbnailUrl\":\"https:\/\/pelemix.com\/wp-content\/uploads\/2024\/12\/Growbags-for-berries-strawberries.png\",\"datePublished\":\"2024-12-10T10:22:23+00:00\",\"description\":\"Les sacs de culture uniques et \u00e0 la pointe de la technologie de Pelemix sont con\u00e7us pour une culture optimale des fraises. L'excellence \u00e0 chaque \u00e9tape.\",\"breadcrumb\":{\"@id\":\"https:\/\/pelemix.com\/fr\/product\/sacs-de-culture-pour-baies\/#breadcrumb\"},\"inLanguage\":\"fr-FR\",\"potentialAction\":[{\"@type\":\"ReadAction\",\"target\":[\"https:\/\/pelemix.com\/fr\/product\/sacs-de-culture-pour-baies\/\"]}]},{\"@type\":\"ImageObject\",\"inLanguage\":\"fr-FR\",\"@id\":\"https:\/\/pelemix.com\/fr\/product\/sacs-de-culture-pour-baies\/#primaryimage\",\"url\":\"https:\/\/pelemix.com\/wp-content\/uploads\/2024\/12\/Growbags-for-berries-strawberries.png\",\"contentUrl\":\"https:\/\/pelemix.com\/wp-content\/uploads\/2024\/12\/Growbags-for-berries-strawberries.png\",\"width\":1080,\"height\":1080},{\"@type\":\"BreadcrumbList\",\"@id\":\"https:\/\/pelemix.com\/fr\/product\/sacs-de-culture-pour-baies\/#breadcrumb\",\"itemListElement\":[{\"@type\":\"ListItem\",\"position\":1,\"name\":\"Home\",\"item\":\"https:\/\/pelemix.com\/fr\/\"},{\"@type\":\"ListItem\",\"position\":2,\"name\":\"Products\",\"item\":\"https:\/\/pelemix.com\/fr\/product\/\"},{\"@type\":\"ListItem\",\"position\":3,\"name\":\"Sacs de culture pour baies\"}]},{\"@type\":\"WebSite\",\"@id\":\"https:\/\/pelemix.com\/fr\/#website\",\"url\":\"https:\/\/pelemix.com\/fr\/\",\"name\":\"Pelemix\",\"description\":\"Pelemix is a leader in the coir \u2013 coco peat substrate market for Hydroponics growers and nurseries. Our coir is used worldwide as a growing media for various hydroponics crops\",\"publisher\":{\"@id\":\"https:\/\/pelemix.com\/fr\/#organization\"},\"potentialAction\":[{\"@type\":\"SearchAction\",\"target\":{\"@type\":\"EntryPoint\",\"urlTemplate\":\"https:\/\/pelemix.com\/fr\/?s={search_term_string}\"},\"query-input\":{\"@type\":\"PropertyValueSpecification\",\"valueRequired\":true,\"valueName\":\"search_term_string\"}}],\"inLanguage\":\"fr-FR\"},{\"@type\":\"Organization\",\"@id\":\"https:\/\/pelemix.com\/fr\/#organization\",\"name\":\"Pelemix - Professionals In Coir Substrates\",\"alternateName\":\"Pelemix\",\"url\":\"https:\/\/pelemix.com\/fr\/\",\"logo\":{\"@type\":\"ImageObject\",\"inLanguage\":\"fr-FR\",\"@id\":\"https:\/\/pelemix.com\/fr\/#\/schema\/logo\/image\/\",\"url\":\"https:\/\/pelemix.com\/wp-content\/uploads\/2023\/09\/Open-Top-list.png\",\"contentUrl\":\"https:\/\/pelemix.com\/wp-content\/uploads\/2023\/09\/Open-Top-list.png\",\"width\":667,\"height\":700,\"caption\":\"Pelemix - Professionals In Coir Substrates\"},\"image\":{\"@id\":\"https:\/\/pelemix.com\/fr\/#\/schema\/logo\/image\/\"},\"sameAs\":[\"https:\/\/www.facebook.com\/PelemixSpain\",\"https:\/\/www.linkedin.com\/company\/642244\/admin\/feed\/posts\",\"https:\/\/www.youtube.com\/@pelemix4178\"]}]}<\/script>\n<!-- \/ Yoast SEO plugin. -->","yoast_head_json":{"title":"Sacs de culture pour baies | Pelemix","description":"Les sacs de culture uniques et \u00e0 la pointe de la technologie de Pelemix sont con\u00e7us pour une culture optimale des fraises. L'excellence \u00e0 chaque \u00e9tape.","robots":{"index":"index","follow":"follow","max-snippet":"max-snippet:-1","max-image-preview":"max-image-preview:large","max-video-preview":"max-video-preview:-1"},"canonical":"https:\/\/pelemix.com\/fr\/product\/sacs-de-culture-pour-baies\/","og_locale":"fr_FR","og_type":"article","og_title":"Sacs de culture pour baies | Pelemix","og_description":"Les sacs de culture uniques et \u00e0 la pointe de la technologie de Pelemix sont con\u00e7us pour une culture optimale des fraises. L'excellence \u00e0 chaque \u00e9tape.","og_url":"https:\/\/pelemix.com\/fr\/product\/sacs-de-culture-pour-baies\/","og_site_name":"Pelemix","article_publisher":"https:\/\/www.facebook.com\/PelemixSpain","og_image":[{"width":1080,"height":1080,"url":"https:\/\/pelemix.com\/wp-content\/uploads\/2024\/12\/Growbags-for-berries-strawberries.png","type":"image\/png"}],"twitter_card":"summary_large_image","schema":{"@context":"https:\/\/schema.org","@graph":[{"@type":"WebPage","@id":"https:\/\/pelemix.com\/fr\/product\/sacs-de-culture-pour-baies\/","url":"https:\/\/pelemix.com\/fr\/product\/sacs-de-culture-pour-baies\/","name":"Sacs de culture pour baies | Pelemix","isPartOf":{"@id":"https:\/\/pelemix.com\/fr\/#website"},"primaryImageOfPage":{"@id":"https:\/\/pelemix.com\/fr\/product\/sacs-de-culture-pour-baies\/#primaryimage"},"image":{"@id":"https:\/\/pelemix.com\/fr\/product\/sacs-de-culture-pour-baies\/#primaryimage"},"thumbnailUrl":"https:\/\/pelemix.com\/wp-content\/uploads\/2024\/12\/Growbags-for-berries-strawberries.png","datePublished":"2024-12-10T10:22:23+00:00","description":"Les sacs de culture uniques et \u00e0 la pointe de la technologie de Pelemix sont con\u00e7us pour une culture optimale des fraises. L'excellence \u00e0 chaque \u00e9tape.","breadcrumb":{"@id":"https:\/\/pelemix.com\/fr\/product\/sacs-de-culture-pour-baies\/#breadcrumb"},"inLanguage":"fr-FR","potentialAction":[{"@type":"ReadAction","target":["https:\/\/pelemix.com\/fr\/product\/sacs-de-culture-pour-baies\/"]}]},{"@type":"ImageObject","inLanguage":"fr-FR","@id":"https:\/\/pelemix.com\/fr\/product\/sacs-de-culture-pour-baies\/#primaryimage","url":"https:\/\/pelemix.com\/wp-content\/uploads\/2024\/12\/Growbags-for-berries-strawberries.png","contentUrl":"https:\/\/pelemix.com\/wp-content\/uploads\/2024\/12\/Growbags-for-berries-strawberries.png","width":1080,"height":1080},{"@type":"BreadcrumbList","@id":"https:\/\/pelemix.com\/fr\/product\/sacs-de-culture-pour-baies\/#breadcrumb","itemListElement":[{"@type":"ListItem","position":1,"name":"Home","item":"https:\/\/pelemix.com\/fr\/"},{"@type":"ListItem","position":2,"name":"Products","item":"https:\/\/pelemix.com\/fr\/product\/"},{"@type":"ListItem","position":3,"name":"Sacs de culture pour baies"}]},{"@type":"WebSite","@id":"https:\/\/pelemix.com\/fr\/#website","url":"https:\/\/pelemix.com\/fr\/","name":"Pelemix","description":"Pelemix is a leader in the coir \u2013 coco peat substrate market for Hydroponics growers and nurseries. Our coir is used worldwide as a growing media for various hydroponics crops","publisher":{"@id":"https:\/\/pelemix.com\/fr\/#organization"},"potentialAction":[{"@type":"SearchAction","target":{"@type":"EntryPoint","urlTemplate":"https:\/\/pelemix.com\/fr\/?s={search_term_string}"},"query-input":{"@type":"PropertyValueSpecification","valueRequired":true,"valueName":"search_term_string"}}],"inLanguage":"fr-FR"},{"@type":"Organization","@id":"https:\/\/pelemix.com\/fr\/#organization","name":"Pelemix - Professionals In Coir Substrates","alternateName":"Pelemix","url":"https:\/\/pelemix.com\/fr\/","logo":{"@type":"ImageObject","inLanguage":"fr-FR","@id":"https:\/\/pelemix.com\/fr\/#\/schema\/logo\/image\/","url":"https:\/\/pelemix.com\/wp-content\/uploads\/2023\/09\/Open-Top-list.png","contentUrl":"https:\/\/pelemix.com\/wp-content\/uploads\/2023\/09\/Open-Top-list.png","width":667,"height":700,"caption":"Pelemix - Professionals In Coir Substrates"},"image":{"@id":"https:\/\/pelemix.com\/fr\/#\/schema\/logo\/image\/"},"sameAs":["https:\/\/www.facebook.com\/PelemixSpain","https:\/\/www.linkedin.com\/company\/642244\/admin\/feed\/posts","https:\/\/www.youtube.com\/@pelemix4178"]}]}},"_links":{"self":[{"href":"https:\/\/pelemix.com\/fr\/wp-json\/wp\/v2\/product\/10846","targetHints":{"allow":["GET"]}}],"collection":[{"href":"https:\/\/pelemix.com\/fr\/wp-json\/wp\/v2\/product"}],"about":[{"href":"https:\/\/pelemix.com\/fr\/wp-json\/wp\/v2\/types\/product"}],"author":[{"embeddable":true,"href":"https:\/\/pelemix.com\/fr\/wp-json\/wp\/v2\/users\/3"}],"version-history":[{"count":0,"href":"https:\/\/pelemix.com\/fr\/wp-json\/wp\/v2\/product\/10846\/revisions"}],"wp:featuredmedia":[{"embeddable":true,"href":"https:\/\/pelemix.com\/fr\/wp-json\/wp\/v2\/media\/10850"}],"wp:attachment":[{"href":"https:\/\/pelemix.com\/fr\/wp-json\/wp\/v2\/media?parent=10846"}],"curies":[{"name":"wp","href":"https:\/\/api.w.org\/{rel}","templated":true}]}}