{"id":10847,"date":"2024-09-12T10:25:30","date_gmt":"2024-09-12T08:25:30","guid":{"rendered":"https:\/\/pelemix.com\/product\/cubes-de-culture\/"},"modified":"2024-09-12T10:25:30","modified_gmt":"2024-09-12T08:25:30","slug":"cubes-de-culture","status":"publish","type":"product","link":"https:\/\/pelemix.com\/fr\/product\/cubes-de-culture\/","title":{"rendered":"Cubes de culture"},"excerpt":{"rendered":"<p>L&rsquo;\u00e9quilibre parfait adapt\u00e9 aux besoins de votre culture.<\/p>\n","protected":false},"author":3,"featured_media":10852,"menu_order":4,"template":"","format":"standard","meta":{"_acf_changed":false,"_links_to":"","_links_to_target":""},"class_list":["post-10847","product","type-product","status-publish","format-standard","has-post-thumbnail","hentry"],"acf":[],"yoast_head":"<!-- This site is optimized with the Yoast SEO plugin v25.4 - https:\/\/yoast.com\/wordpress\/plugins\/seo\/ -->\n<title>Cubes de culture | Pelemix<\/title>\n<meta name=\"description\" content=\"Les cubes de culture Pelemix offrent un environnement id\u00e9al pour les premiers stades de d\u00e9veloppement des cultures. Con\u00e7us pour une excellente r\u00e9tention d&#039;eau et un excellent drainage, ils favorisent une croissance saine des semis.\" \/>\n<meta name=\"robots\" content=\"index, follow, max-snippet:-1, max-image-preview:large, max-video-preview:-1\" \/>\n<link rel=\"canonical\" href=\"https:\/\/pelemix.com\/fr\/product\/cubes-de-culture\/\" \/>\n<meta property=\"og:locale\" content=\"fr_FR\" \/>\n<meta property=\"og:type\" content=\"article\" \/>\n<meta property=\"og:title\" content=\"Cubes de culture | Pelemix\" \/>\n<meta property=\"og:description\" content=\"Les cubes de culture Pelemix offrent un environnement id\u00e9al pour les premiers stades de d\u00e9veloppement des cultures. Con\u00e7us pour une excellente r\u00e9tention d&#039;eau et un excellent drainage, ils favorisent une croissance saine des semis.\" \/>\n<meta property=\"og:url\" content=\"https:\/\/pelemix.com\/fr\/product\/cubes-de-culture\/\" \/>\n<meta property=\"og:site_name\" content=\"Pelemix\" \/>\n<meta property=\"article:publisher\" content=\"https:\/\/www.facebook.com\/PelemixSpain\" \/>\n<meta property=\"og:image\" content=\"https:\/\/pelemix.com\/wp-content\/uploads\/2024\/09\/Grow-Cubes.png\" \/>\n\t<meta property=\"og:image:width\" content=\"550\" \/>\n\t<meta property=\"og:image:height\" content=\"550\" \/>\n\t<meta property=\"og:image:type\" content=\"image\/png\" \/>\n<meta name=\"twitter:card\" content=\"summary_large_image\" \/>\n<script type=\"application\/ld+json\" class=\"yoast-schema-graph\">{\"@context\":\"https:\/\/schema.org\",\"@graph\":[{\"@type\":\"WebPage\",\"@id\":\"https:\/\/pelemix.com\/fr\/product\/cubes-de-culture\/\",\"url\":\"https:\/\/pelemix.com\/fr\/product\/cubes-de-culture\/\",\"name\":\"Cubes de culture | Pelemix\",\"isPartOf\":{\"@id\":\"https:\/\/pelemix.com\/fr\/#website\"},\"primaryImageOfPage\":{\"@id\":\"https:\/\/pelemix.com\/fr\/product\/cubes-de-culture\/#primaryimage\"},\"image\":{\"@id\":\"https:\/\/pelemix.com\/fr\/product\/cubes-de-culture\/#primaryimage\"},\"thumbnailUrl\":\"https:\/\/pelemix.com\/wp-content\/uploads\/2024\/09\/Grow-Cubes.png\",\"datePublished\":\"2024-09-12T08:25:30+00:00\",\"description\":\"Les cubes de culture Pelemix offrent un environnement id\u00e9al pour les premiers stades de d\u00e9veloppement des cultures. Con\u00e7us pour une excellente r\u00e9tention d'eau et un excellent drainage, ils favorisent une croissance saine des semis.\",\"breadcrumb\":{\"@id\":\"https:\/\/pelemix.com\/fr\/product\/cubes-de-culture\/#breadcrumb\"},\"inLanguage\":\"fr-FR\",\"potentialAction\":[{\"@type\":\"ReadAction\",\"target\":[\"https:\/\/pelemix.com\/fr\/product\/cubes-de-culture\/\"]}]},{\"@type\":\"ImageObject\",\"inLanguage\":\"fr-FR\",\"@id\":\"https:\/\/pelemix.com\/fr\/product\/cubes-de-culture\/#primaryimage\",\"url\":\"https:\/\/pelemix.com\/wp-content\/uploads\/2024\/09\/Grow-Cubes.png\",\"contentUrl\":\"https:\/\/pelemix.com\/wp-content\/uploads\/2024\/09\/Grow-Cubes.png\",\"width\":550,\"height\":550,\"caption\":\"Grow cubes - pelemix\"},{\"@type\":\"BreadcrumbList\",\"@id\":\"https:\/\/pelemix.com\/fr\/product\/cubes-de-culture\/#breadcrumb\",\"itemListElement\":[{\"@type\":\"ListItem\",\"position\":1,\"name\":\"Home\",\"item\":\"https:\/\/pelemix.com\/fr\/\"},{\"@type\":\"ListItem\",\"position\":2,\"name\":\"Products\",\"item\":\"https:\/\/pelemix.com\/fr\/product\/\"},{\"@type\":\"ListItem\",\"position\":3,\"name\":\"Cubes de culture\"}]},{\"@type\":\"WebSite\",\"@id\":\"https:\/\/pelemix.com\/fr\/#website\",\"url\":\"https:\/\/pelemix.com\/fr\/\",\"name\":\"Pelemix\",\"description\":\"Pelemix is a leader in the coir \u2013 coco peat substrate market for Hydroponics growers and nurseries. Our coir is used worldwide as a growing media for various hydroponics crops\",\"publisher\":{\"@id\":\"https:\/\/pelemix.com\/fr\/#organization\"},\"potentialAction\":[{\"@type\":\"SearchAction\",\"target\":{\"@type\":\"EntryPoint\",\"urlTemplate\":\"https:\/\/pelemix.com\/fr\/?s={search_term_string}\"},\"query-input\":{\"@type\":\"PropertyValueSpecification\",\"valueRequired\":true,\"valueName\":\"search_term_string\"}}],\"inLanguage\":\"fr-FR\"},{\"@type\":\"Organization\",\"@id\":\"https:\/\/pelemix.com\/fr\/#organization\",\"name\":\"Pelemix - Professionals In Coir Substrates\",\"alternateName\":\"Pelemix\",\"url\":\"https:\/\/pelemix.com\/fr\/\",\"logo\":{\"@type\":\"ImageObject\",\"inLanguage\":\"fr-FR\",\"@id\":\"https:\/\/pelemix.com\/fr\/#\/schema\/logo\/image\/\",\"url\":\"https:\/\/pelemix.com\/wp-content\/uploads\/2023\/09\/Open-Top-list.png\",\"contentUrl\":\"https:\/\/pelemix.com\/wp-content\/uploads\/2023\/09\/Open-Top-list.png\",\"width\":667,\"height\":700,\"caption\":\"Pelemix - Professionals In Coir Substrates\"},\"image\":{\"@id\":\"https:\/\/pelemix.com\/fr\/#\/schema\/logo\/image\/\"},\"sameAs\":[\"https:\/\/www.facebook.com\/PelemixSpain\",\"https:\/\/www.linkedin.com\/company\/642244\/admin\/feed\/posts\",\"https:\/\/www.youtube.com\/@pelemix4178\"]}]}<\/script>\n<!-- \/ Yoast SEO plugin. -->","yoast_head_json":{"title":"Cubes de culture | Pelemix","description":"Les cubes de culture Pelemix offrent un environnement id\u00e9al pour les premiers stades de d\u00e9veloppement des cultures. Con\u00e7us pour une excellente r\u00e9tention d'eau et un excellent drainage, ils favorisent une croissance saine des semis.","robots":{"index":"index","follow":"follow","max-snippet":"max-snippet:-1","max-image-preview":"max-image-preview:large","max-video-preview":"max-video-preview:-1"},"canonical":"https:\/\/pelemix.com\/fr\/product\/cubes-de-culture\/","og_locale":"fr_FR","og_type":"article","og_title":"Cubes de culture | Pelemix","og_description":"Les cubes de culture Pelemix offrent un environnement id\u00e9al pour les premiers stades de d\u00e9veloppement des cultures. Con\u00e7us pour une excellente r\u00e9tention d'eau et un excellent drainage, ils favorisent une croissance saine des semis.","og_url":"https:\/\/pelemix.com\/fr\/product\/cubes-de-culture\/","og_site_name":"Pelemix","article_publisher":"https:\/\/www.facebook.com\/PelemixSpain","og_image":[{"width":550,"height":550,"url":"https:\/\/pelemix.com\/wp-content\/uploads\/2024\/09\/Grow-Cubes.png","type":"image\/png"}],"twitter_card":"summary_large_image","schema":{"@context":"https:\/\/schema.org","@graph":[{"@type":"WebPage","@id":"https:\/\/pelemix.com\/fr\/product\/cubes-de-culture\/","url":"https:\/\/pelemix.com\/fr\/product\/cubes-de-culture\/","name":"Cubes de culture | Pelemix","isPartOf":{"@id":"https:\/\/pelemix.com\/fr\/#website"},"primaryImageOfPage":{"@id":"https:\/\/pelemix.com\/fr\/product\/cubes-de-culture\/#primaryimage"},"image":{"@id":"https:\/\/pelemix.com\/fr\/product\/cubes-de-culture\/#primaryimage"},"thumbnailUrl":"https:\/\/pelemix.com\/wp-content\/uploads\/2024\/09\/Grow-Cubes.png","datePublished":"2024-09-12T08:25:30+00:00","description":"Les cubes de culture Pelemix offrent un environnement id\u00e9al pour les premiers stades de d\u00e9veloppement des cultures. Con\u00e7us pour une excellente r\u00e9tention d'eau et un excellent drainage, ils favorisent une croissance saine des semis.","breadcrumb":{"@id":"https:\/\/pelemix.com\/fr\/product\/cubes-de-culture\/#breadcrumb"},"inLanguage":"fr-FR","potentialAction":[{"@type":"ReadAction","target":["https:\/\/pelemix.com\/fr\/product\/cubes-de-culture\/"]}]},{"@type":"ImageObject","inLanguage":"fr-FR","@id":"https:\/\/pelemix.com\/fr\/product\/cubes-de-culture\/#primaryimage","url":"https:\/\/pelemix.com\/wp-content\/uploads\/2024\/09\/Grow-Cubes.png","contentUrl":"https:\/\/pelemix.com\/wp-content\/uploads\/2024\/09\/Grow-Cubes.png","width":550,"height":550,"caption":"Grow cubes - pelemix"},{"@type":"BreadcrumbList","@id":"https:\/\/pelemix.com\/fr\/product\/cubes-de-culture\/#breadcrumb","itemListElement":[{"@type":"ListItem","position":1,"name":"Home","item":"https:\/\/pelemix.com\/fr\/"},{"@type":"ListItem","position":2,"name":"Products","item":"https:\/\/pelemix.com\/fr\/product\/"},{"@type":"ListItem","position":3,"name":"Cubes de culture"}]},{"@type":"WebSite","@id":"https:\/\/pelemix.com\/fr\/#website","url":"https:\/\/pelemix.com\/fr\/","name":"Pelemix","description":"Pelemix is a leader in the coir \u2013 coco peat substrate market for Hydroponics growers and nurseries. Our coir is used worldwide as a growing media for various hydroponics crops","publisher":{"@id":"https:\/\/pelemix.com\/fr\/#organization"},"potentialAction":[{"@type":"SearchAction","target":{"@type":"EntryPoint","urlTemplate":"https:\/\/pelemix.com\/fr\/?s={search_term_string}"},"query-input":{"@type":"PropertyValueSpecification","valueRequired":true,"valueName":"search_term_string"}}],"inLanguage":"fr-FR"},{"@type":"Organization","@id":"https:\/\/pelemix.com\/fr\/#organization","name":"Pelemix - Professionals In Coir Substrates","alternateName":"Pelemix","url":"https:\/\/pelemix.com\/fr\/","logo":{"@type":"ImageObject","inLanguage":"fr-FR","@id":"https:\/\/pelemix.com\/fr\/#\/schema\/logo\/image\/","url":"https:\/\/pelemix.com\/wp-content\/uploads\/2023\/09\/Open-Top-list.png","contentUrl":"https:\/\/pelemix.com\/wp-content\/uploads\/2023\/09\/Open-Top-list.png","width":667,"height":700,"caption":"Pelemix - Professionals In Coir Substrates"},"image":{"@id":"https:\/\/pelemix.com\/fr\/#\/schema\/logo\/image\/"},"sameAs":["https:\/\/www.facebook.com\/PelemixSpain","https:\/\/www.linkedin.com\/company\/642244\/admin\/feed\/posts","https:\/\/www.youtube.com\/@pelemix4178"]}]}},"_links":{"self":[{"href":"https:\/\/pelemix.com\/fr\/wp-json\/wp\/v2\/product\/10847","targetHints":{"allow":["GET"]}}],"collection":[{"href":"https:\/\/pelemix.com\/fr\/wp-json\/wp\/v2\/product"}],"about":[{"href":"https:\/\/pelemix.com\/fr\/wp-json\/wp\/v2\/types\/product"}],"author":[{"embeddable":true,"href":"https:\/\/pelemix.com\/fr\/wp-json\/wp\/v2\/users\/3"}],"version-history":[{"count":0,"href":"https:\/\/pelemix.com\/fr\/wp-json\/wp\/v2\/product\/10847\/revisions"}],"wp:featuredmedia":[{"embeddable":true,"href":"https:\/\/pelemix.com\/fr\/wp-json\/wp\/v2\/media\/10852"}],"wp:attachment":[{"href":"https:\/\/pelemix.com\/fr\/wp-json\/wp\/v2\/media?parent=10847"}],"curies":[{"name":"wp","href":"https:\/\/api.w.org\/{rel}","templated":true}]}}