{"id":10868,"date":"2024-12-10T10:26:12","date_gmt":"2024-12-10T08:26:12","guid":{"rendered":"https:\/\/pelemix.com\/product\/dalles-de-culture\/"},"modified":"2024-12-10T10:26:12","modified_gmt":"2024-12-10T08:26:12","slug":"dalles-de-culture","status":"publish","type":"product","link":"https:\/\/pelemix.com\/fr\/product\/dalles-de-culture\/","title":{"rendered":"dalles de culture"},"excerpt":{"rendered":"<p>Solution de dalles adapt\u00e9e \u00e0 vos besoins.<\/p>\n","protected":false},"author":3,"featured_media":10876,"menu_order":0,"template":"","format":"standard","meta":{"_acf_changed":false,"_links_to":"","_links_to_target":""},"class_list":["post-10868","product","type-product","status-publish","format-standard","has-post-thumbnail","hentry"],"acf":[],"yoast_head":"<!-- This site is optimized with the Yoast SEO plugin v25.4 - https:\/\/yoast.com\/wordpress\/plugins\/seo\/ -->\n<title>dalles de culture | Pelemix<\/title>\n<meta name=\"description\" content=\"Les plaques de fibre de coco nue sont une solution id\u00e9ale pour les producteurs qui souhaitent adapter eux-m\u00eames la fibre de coco \u00e0 leurs propres syst\u00e8mes de culture uniques.\" \/>\n<meta name=\"robots\" content=\"index, follow, max-snippet:-1, max-image-preview:large, max-video-preview:-1\" \/>\n<link rel=\"canonical\" href=\"https:\/\/pelemix.com\/fr\/product\/dalles-de-culture\/\" \/>\n<meta property=\"og:locale\" content=\"fr_FR\" \/>\n<meta property=\"og:type\" content=\"article\" \/>\n<meta property=\"og:title\" content=\"dalles de culture | Pelemix\" \/>\n<meta property=\"og:description\" content=\"Les plaques de fibre de coco nue sont une solution id\u00e9ale pour les producteurs qui souhaitent adapter eux-m\u00eames la fibre de coco \u00e0 leurs propres syst\u00e8mes de culture uniques.\" \/>\n<meta property=\"og:url\" content=\"https:\/\/pelemix.com\/fr\/product\/dalles-de-culture\/\" \/>\n<meta property=\"og:site_name\" content=\"Pelemix\" \/>\n<meta property=\"article:publisher\" content=\"https:\/\/www.facebook.com\/PelemixSpain\" \/>\n<meta property=\"og:image\" content=\"https:\/\/pelemix.com\/wp-content\/uploads\/2024\/12\/GROWSLABS.png\" \/>\n\t<meta property=\"og:image:width\" content=\"1350\" \/>\n\t<meta property=\"og:image:height\" content=\"1350\" \/>\n\t<meta property=\"og:image:type\" content=\"image\/png\" \/>\n<meta name=\"twitter:card\" content=\"summary_large_image\" \/>\n<script type=\"application\/ld+json\" class=\"yoast-schema-graph\">{\"@context\":\"https:\/\/schema.org\",\"@graph\":[{\"@type\":\"WebPage\",\"@id\":\"https:\/\/pelemix.com\/fr\/product\/dalles-de-culture\/\",\"url\":\"https:\/\/pelemix.com\/fr\/product\/dalles-de-culture\/\",\"name\":\"dalles de culture | Pelemix\",\"isPartOf\":{\"@id\":\"https:\/\/pelemix.com\/fr\/#website\"},\"primaryImageOfPage\":{\"@id\":\"https:\/\/pelemix.com\/fr\/product\/dalles-de-culture\/#primaryimage\"},\"image\":{\"@id\":\"https:\/\/pelemix.com\/fr\/product\/dalles-de-culture\/#primaryimage\"},\"thumbnailUrl\":\"https:\/\/pelemix.com\/wp-content\/uploads\/2024\/12\/GROWSLABS.png\",\"datePublished\":\"2024-12-10T08:26:12+00:00\",\"description\":\"Les plaques de fibre de coco nue sont une solution id\u00e9ale pour les producteurs qui souhaitent adapter eux-m\u00eames la fibre de coco \u00e0 leurs propres syst\u00e8mes de culture uniques.\",\"breadcrumb\":{\"@id\":\"https:\/\/pelemix.com\/fr\/product\/dalles-de-culture\/#breadcrumb\"},\"inLanguage\":\"fr-FR\",\"potentialAction\":[{\"@type\":\"ReadAction\",\"target\":[\"https:\/\/pelemix.com\/fr\/product\/dalles-de-culture\/\"]}]},{\"@type\":\"ImageObject\",\"inLanguage\":\"fr-FR\",\"@id\":\"https:\/\/pelemix.com\/fr\/product\/dalles-de-culture\/#primaryimage\",\"url\":\"https:\/\/pelemix.com\/wp-content\/uploads\/2024\/12\/GROWSLABS.png\",\"contentUrl\":\"https:\/\/pelemix.com\/wp-content\/uploads\/2024\/12\/GROWSLABS.png\",\"width\":1350,\"height\":1350},{\"@type\":\"BreadcrumbList\",\"@id\":\"https:\/\/pelemix.com\/fr\/product\/dalles-de-culture\/#breadcrumb\",\"itemListElement\":[{\"@type\":\"ListItem\",\"position\":1,\"name\":\"Home\",\"item\":\"https:\/\/pelemix.com\/fr\/\"},{\"@type\":\"ListItem\",\"position\":2,\"name\":\"Products\",\"item\":\"https:\/\/pelemix.com\/fr\/product\/\"},{\"@type\":\"ListItem\",\"position\":3,\"name\":\"dalles de culture\"}]},{\"@type\":\"WebSite\",\"@id\":\"https:\/\/pelemix.com\/fr\/#website\",\"url\":\"https:\/\/pelemix.com\/fr\/\",\"name\":\"Pelemix\",\"description\":\"Pelemix is a leader in the coir \u2013 coco peat substrate market for Hydroponics growers and nurseries. Our coir is used worldwide as a growing media for various hydroponics crops\",\"publisher\":{\"@id\":\"https:\/\/pelemix.com\/fr\/#organization\"},\"potentialAction\":[{\"@type\":\"SearchAction\",\"target\":{\"@type\":\"EntryPoint\",\"urlTemplate\":\"https:\/\/pelemix.com\/fr\/?s={search_term_string}\"},\"query-input\":{\"@type\":\"PropertyValueSpecification\",\"valueRequired\":true,\"valueName\":\"search_term_string\"}}],\"inLanguage\":\"fr-FR\"},{\"@type\":\"Organization\",\"@id\":\"https:\/\/pelemix.com\/fr\/#organization\",\"name\":\"Pelemix - Professionals In Coir Substrates\",\"alternateName\":\"Pelemix\",\"url\":\"https:\/\/pelemix.com\/fr\/\",\"logo\":{\"@type\":\"ImageObject\",\"inLanguage\":\"fr-FR\",\"@id\":\"https:\/\/pelemix.com\/fr\/#\/schema\/logo\/image\/\",\"url\":\"https:\/\/pelemix.com\/wp-content\/uploads\/2023\/09\/Open-Top-list.png\",\"contentUrl\":\"https:\/\/pelemix.com\/wp-content\/uploads\/2023\/09\/Open-Top-list.png\",\"width\":667,\"height\":700,\"caption\":\"Pelemix - Professionals In Coir Substrates\"},\"image\":{\"@id\":\"https:\/\/pelemix.com\/fr\/#\/schema\/logo\/image\/\"},\"sameAs\":[\"https:\/\/www.facebook.com\/PelemixSpain\",\"https:\/\/www.linkedin.com\/company\/642244\/admin\/feed\/posts\",\"https:\/\/www.youtube.com\/@pelemix4178\"]}]}<\/script>\n<!-- \/ Yoast SEO plugin. -->","yoast_head_json":{"title":"dalles de culture | Pelemix","description":"Les plaques de fibre de coco nue sont une solution id\u00e9ale pour les producteurs qui souhaitent adapter eux-m\u00eames la fibre de coco \u00e0 leurs propres syst\u00e8mes de culture uniques.","robots":{"index":"index","follow":"follow","max-snippet":"max-snippet:-1","max-image-preview":"max-image-preview:large","max-video-preview":"max-video-preview:-1"},"canonical":"https:\/\/pelemix.com\/fr\/product\/dalles-de-culture\/","og_locale":"fr_FR","og_type":"article","og_title":"dalles de culture | Pelemix","og_description":"Les plaques de fibre de coco nue sont une solution id\u00e9ale pour les producteurs qui souhaitent adapter eux-m\u00eames la fibre de coco \u00e0 leurs propres syst\u00e8mes de culture uniques.","og_url":"https:\/\/pelemix.com\/fr\/product\/dalles-de-culture\/","og_site_name":"Pelemix","article_publisher":"https:\/\/www.facebook.com\/PelemixSpain","og_image":[{"width":1350,"height":1350,"url":"https:\/\/pelemix.com\/wp-content\/uploads\/2024\/12\/GROWSLABS.png","type":"image\/png"}],"twitter_card":"summary_large_image","schema":{"@context":"https:\/\/schema.org","@graph":[{"@type":"WebPage","@id":"https:\/\/pelemix.com\/fr\/product\/dalles-de-culture\/","url":"https:\/\/pelemix.com\/fr\/product\/dalles-de-culture\/","name":"dalles de culture | Pelemix","isPartOf":{"@id":"https:\/\/pelemix.com\/fr\/#website"},"primaryImageOfPage":{"@id":"https:\/\/pelemix.com\/fr\/product\/dalles-de-culture\/#primaryimage"},"image":{"@id":"https:\/\/pelemix.com\/fr\/product\/dalles-de-culture\/#primaryimage"},"thumbnailUrl":"https:\/\/pelemix.com\/wp-content\/uploads\/2024\/12\/GROWSLABS.png","datePublished":"2024-12-10T08:26:12+00:00","description":"Les plaques de fibre de coco nue sont une solution id\u00e9ale pour les producteurs qui souhaitent adapter eux-m\u00eames la fibre de coco \u00e0 leurs propres syst\u00e8mes de culture uniques.","breadcrumb":{"@id":"https:\/\/pelemix.com\/fr\/product\/dalles-de-culture\/#breadcrumb"},"inLanguage":"fr-FR","potentialAction":[{"@type":"ReadAction","target":["https:\/\/pelemix.com\/fr\/product\/dalles-de-culture\/"]}]},{"@type":"ImageObject","inLanguage":"fr-FR","@id":"https:\/\/pelemix.com\/fr\/product\/dalles-de-culture\/#primaryimage","url":"https:\/\/pelemix.com\/wp-content\/uploads\/2024\/12\/GROWSLABS.png","contentUrl":"https:\/\/pelemix.com\/wp-content\/uploads\/2024\/12\/GROWSLABS.png","width":1350,"height":1350},{"@type":"BreadcrumbList","@id":"https:\/\/pelemix.com\/fr\/product\/dalles-de-culture\/#breadcrumb","itemListElement":[{"@type":"ListItem","position":1,"name":"Home","item":"https:\/\/pelemix.com\/fr\/"},{"@type":"ListItem","position":2,"name":"Products","item":"https:\/\/pelemix.com\/fr\/product\/"},{"@type":"ListItem","position":3,"name":"dalles de culture"}]},{"@type":"WebSite","@id":"https:\/\/pelemix.com\/fr\/#website","url":"https:\/\/pelemix.com\/fr\/","name":"Pelemix","description":"Pelemix is a leader in the coir \u2013 coco peat substrate market for Hydroponics growers and nurseries. Our coir is used worldwide as a growing media for various hydroponics crops","publisher":{"@id":"https:\/\/pelemix.com\/fr\/#organization"},"potentialAction":[{"@type":"SearchAction","target":{"@type":"EntryPoint","urlTemplate":"https:\/\/pelemix.com\/fr\/?s={search_term_string}"},"query-input":{"@type":"PropertyValueSpecification","valueRequired":true,"valueName":"search_term_string"}}],"inLanguage":"fr-FR"},{"@type":"Organization","@id":"https:\/\/pelemix.com\/fr\/#organization","name":"Pelemix - Professionals In Coir Substrates","alternateName":"Pelemix","url":"https:\/\/pelemix.com\/fr\/","logo":{"@type":"ImageObject","inLanguage":"fr-FR","@id":"https:\/\/pelemix.com\/fr\/#\/schema\/logo\/image\/","url":"https:\/\/pelemix.com\/wp-content\/uploads\/2023\/09\/Open-Top-list.png","contentUrl":"https:\/\/pelemix.com\/wp-content\/uploads\/2023\/09\/Open-Top-list.png","width":667,"height":700,"caption":"Pelemix - Professionals In Coir Substrates"},"image":{"@id":"https:\/\/pelemix.com\/fr\/#\/schema\/logo\/image\/"},"sameAs":["https:\/\/www.facebook.com\/PelemixSpain","https:\/\/www.linkedin.com\/company\/642244\/admin\/feed\/posts","https:\/\/www.youtube.com\/@pelemix4178"]}]}},"_links":{"self":[{"href":"https:\/\/pelemix.com\/fr\/wp-json\/wp\/v2\/product\/10868","targetHints":{"allow":["GET"]}}],"collection":[{"href":"https:\/\/pelemix.com\/fr\/wp-json\/wp\/v2\/product"}],"about":[{"href":"https:\/\/pelemix.com\/fr\/wp-json\/wp\/v2\/types\/product"}],"author":[{"embeddable":true,"href":"https:\/\/pelemix.com\/fr\/wp-json\/wp\/v2\/users\/3"}],"version-history":[{"count":0,"href":"https:\/\/pelemix.com\/fr\/wp-json\/wp\/v2\/product\/10868\/revisions"}],"wp:featuredmedia":[{"embeddable":true,"href":"https:\/\/pelemix.com\/fr\/wp-json\/wp\/v2\/media\/10876"}],"wp:attachment":[{"href":"https:\/\/pelemix.com\/fr\/wp-json\/wp\/v2\/media?parent=10868"}],"curies":[{"name":"wp","href":"https:\/\/api.w.org\/{rel}","templated":true}]}}