{"id":10869,"date":"2023-09-13T19:04:36","date_gmt":"2023-09-13T17:04:36","guid":{"rendered":"https:\/\/pelemix.com\/product\/lache-melange\/"},"modified":"2023-09-13T19:04:36","modified_gmt":"2023-09-13T17:04:36","slug":"lache-melange","status":"publish","type":"product","link":"https:\/\/pelemix.com\/fr\/product\/lache-melange\/","title":{"rendered":"L\u00e2che\/M\u00e9lange"},"excerpt":{"rendered":"<p>Atteignez l&rsquo;excellence avec nos m\u00e9langes personnalis\u00e9s et nos substrats en vrac<\/p>\n","protected":false},"author":3,"featured_media":10878,"menu_order":5,"template":"","format":"standard","meta":{"_acf_changed":false,"_links_to":"","_links_to_target":""},"class_list":["post-10869","product","type-product","status-publish","format-standard","has-post-thumbnail","hentry"],"acf":[],"yoast_head":"<!-- This site is optimized with the Yoast SEO plugin v25.4 - https:\/\/yoast.com\/wordpress\/plugins\/seo\/ -->\n<title>L\u00e2che\/M\u00e9lange Substrats | Pelemix<\/title>\n<meta name=\"description\" content=\"Notre substrat en vrac est fabriqu\u00e9 dans notre usine ultramoderne de Murcie, en Espagne. Nos substrats garantissent une homog\u00e9n\u00e9it\u00e9 et une qualit\u00e9 optimales pour diverses applications horticoles.\" \/>\n<meta name=\"robots\" content=\"index, follow, max-snippet:-1, max-image-preview:large, max-video-preview:-1\" \/>\n<link rel=\"canonical\" href=\"https:\/\/pelemix.com\/fr\/product\/lache-melange\/\" \/>\n<meta property=\"og:locale\" content=\"fr_FR\" \/>\n<meta property=\"og:type\" content=\"article\" \/>\n<meta property=\"og:title\" content=\"L\u00e2che\/M\u00e9lange Substrats | Pelemix\" \/>\n<meta property=\"og:description\" content=\"Notre substrat en vrac est fabriqu\u00e9 dans notre usine ultramoderne de Murcie, en Espagne. Nos substrats garantissent une homog\u00e9n\u00e9it\u00e9 et une qualit\u00e9 optimales pour diverses applications horticoles.\" \/>\n<meta property=\"og:url\" content=\"https:\/\/pelemix.com\/fr\/product\/lache-melange\/\" \/>\n<meta property=\"og:site_name\" content=\"Pelemix\" \/>\n<meta property=\"article:publisher\" content=\"https:\/\/www.facebook.com\/PelemixSpain\" \/>\n<meta property=\"og:image\" content=\"https:\/\/pelemix.com\/wp-content\/uploads\/2023\/09\/loose-main.png\" \/>\n\t<meta property=\"og:image:width\" content=\"550\" \/>\n\t<meta property=\"og:image:height\" content=\"550\" \/>\n\t<meta property=\"og:image:type\" content=\"image\/png\" \/>\n<meta name=\"twitter:card\" content=\"summary_large_image\" \/>\n<script type=\"application\/ld+json\" class=\"yoast-schema-graph\">{\"@context\":\"https:\/\/schema.org\",\"@graph\":[{\"@type\":\"WebPage\",\"@id\":\"https:\/\/pelemix.com\/fr\/product\/lache-melange\/\",\"url\":\"https:\/\/pelemix.com\/fr\/product\/lache-melange\/\",\"name\":\"L\u00e2che\/M\u00e9lange Substrats | Pelemix\",\"isPartOf\":{\"@id\":\"https:\/\/pelemix.com\/fr\/#website\"},\"primaryImageOfPage\":{\"@id\":\"https:\/\/pelemix.com\/fr\/product\/lache-melange\/#primaryimage\"},\"image\":{\"@id\":\"https:\/\/pelemix.com\/fr\/product\/lache-melange\/#primaryimage\"},\"thumbnailUrl\":\"https:\/\/pelemix.com\/wp-content\/uploads\/2023\/09\/loose-main.png\",\"datePublished\":\"2023-09-13T17:04:36+00:00\",\"description\":\"Notre substrat en vrac est fabriqu\u00e9 dans notre usine ultramoderne de Murcie, en Espagne. Nos substrats garantissent une homog\u00e9n\u00e9it\u00e9 et une qualit\u00e9 optimales pour diverses applications horticoles.\",\"breadcrumb\":{\"@id\":\"https:\/\/pelemix.com\/fr\/product\/lache-melange\/#breadcrumb\"},\"inLanguage\":\"fr-FR\",\"potentialAction\":[{\"@type\":\"ReadAction\",\"target\":[\"https:\/\/pelemix.com\/fr\/product\/lache-melange\/\"]}]},{\"@type\":\"ImageObject\",\"inLanguage\":\"fr-FR\",\"@id\":\"https:\/\/pelemix.com\/fr\/product\/lache-melange\/#primaryimage\",\"url\":\"https:\/\/pelemix.com\/wp-content\/uploads\/2023\/09\/loose-main.png\",\"contentUrl\":\"https:\/\/pelemix.com\/wp-content\/uploads\/2023\/09\/loose-main.png\",\"width\":550,\"height\":550,\"caption\":\"Loose - Blend\"},{\"@type\":\"BreadcrumbList\",\"@id\":\"https:\/\/pelemix.com\/fr\/product\/lache-melange\/#breadcrumb\",\"itemListElement\":[{\"@type\":\"ListItem\",\"position\":1,\"name\":\"Home\",\"item\":\"https:\/\/pelemix.com\/fr\/\"},{\"@type\":\"ListItem\",\"position\":2,\"name\":\"Products\",\"item\":\"https:\/\/pelemix.com\/fr\/product\/\"},{\"@type\":\"ListItem\",\"position\":3,\"name\":\"L\u00e2che\/M\u00e9lange\"}]},{\"@type\":\"WebSite\",\"@id\":\"https:\/\/pelemix.com\/fr\/#website\",\"url\":\"https:\/\/pelemix.com\/fr\/\",\"name\":\"Pelemix\",\"description\":\"Pelemix is a leader in the coir \u2013 coco peat substrate market for Hydroponics growers and nurseries. Our coir is used worldwide as a growing media for various hydroponics crops\",\"publisher\":{\"@id\":\"https:\/\/pelemix.com\/fr\/#organization\"},\"potentialAction\":[{\"@type\":\"SearchAction\",\"target\":{\"@type\":\"EntryPoint\",\"urlTemplate\":\"https:\/\/pelemix.com\/fr\/?s={search_term_string}\"},\"query-input\":{\"@type\":\"PropertyValueSpecification\",\"valueRequired\":true,\"valueName\":\"search_term_string\"}}],\"inLanguage\":\"fr-FR\"},{\"@type\":\"Organization\",\"@id\":\"https:\/\/pelemix.com\/fr\/#organization\",\"name\":\"Pelemix - Professionals In Coir Substrates\",\"alternateName\":\"Pelemix\",\"url\":\"https:\/\/pelemix.com\/fr\/\",\"logo\":{\"@type\":\"ImageObject\",\"inLanguage\":\"fr-FR\",\"@id\":\"https:\/\/pelemix.com\/fr\/#\/schema\/logo\/image\/\",\"url\":\"https:\/\/pelemix.com\/wp-content\/uploads\/2023\/09\/Open-Top-list.png\",\"contentUrl\":\"https:\/\/pelemix.com\/wp-content\/uploads\/2023\/09\/Open-Top-list.png\",\"width\":667,\"height\":700,\"caption\":\"Pelemix - Professionals In Coir Substrates\"},\"image\":{\"@id\":\"https:\/\/pelemix.com\/fr\/#\/schema\/logo\/image\/\"},\"sameAs\":[\"https:\/\/www.facebook.com\/PelemixSpain\",\"https:\/\/www.linkedin.com\/company\/642244\/admin\/feed\/posts\",\"https:\/\/www.youtube.com\/@pelemix4178\"]}]}<\/script>\n<!-- \/ Yoast SEO plugin. -->","yoast_head_json":{"title":"L\u00e2che\/M\u00e9lange Substrats | Pelemix","description":"Notre substrat en vrac est fabriqu\u00e9 dans notre usine ultramoderne de Murcie, en Espagne. Nos substrats garantissent une homog\u00e9n\u00e9it\u00e9 et une qualit\u00e9 optimales pour diverses applications horticoles.","robots":{"index":"index","follow":"follow","max-snippet":"max-snippet:-1","max-image-preview":"max-image-preview:large","max-video-preview":"max-video-preview:-1"},"canonical":"https:\/\/pelemix.com\/fr\/product\/lache-melange\/","og_locale":"fr_FR","og_type":"article","og_title":"L\u00e2che\/M\u00e9lange Substrats | Pelemix","og_description":"Notre substrat en vrac est fabriqu\u00e9 dans notre usine ultramoderne de Murcie, en Espagne. Nos substrats garantissent une homog\u00e9n\u00e9it\u00e9 et une qualit\u00e9 optimales pour diverses applications horticoles.","og_url":"https:\/\/pelemix.com\/fr\/product\/lache-melange\/","og_site_name":"Pelemix","article_publisher":"https:\/\/www.facebook.com\/PelemixSpain","og_image":[{"width":550,"height":550,"url":"https:\/\/pelemix.com\/wp-content\/uploads\/2023\/09\/loose-main.png","type":"image\/png"}],"twitter_card":"summary_large_image","schema":{"@context":"https:\/\/schema.org","@graph":[{"@type":"WebPage","@id":"https:\/\/pelemix.com\/fr\/product\/lache-melange\/","url":"https:\/\/pelemix.com\/fr\/product\/lache-melange\/","name":"L\u00e2che\/M\u00e9lange Substrats | Pelemix","isPartOf":{"@id":"https:\/\/pelemix.com\/fr\/#website"},"primaryImageOfPage":{"@id":"https:\/\/pelemix.com\/fr\/product\/lache-melange\/#primaryimage"},"image":{"@id":"https:\/\/pelemix.com\/fr\/product\/lache-melange\/#primaryimage"},"thumbnailUrl":"https:\/\/pelemix.com\/wp-content\/uploads\/2023\/09\/loose-main.png","datePublished":"2023-09-13T17:04:36+00:00","description":"Notre substrat en vrac est fabriqu\u00e9 dans notre usine ultramoderne de Murcie, en Espagne. Nos substrats garantissent une homog\u00e9n\u00e9it\u00e9 et une qualit\u00e9 optimales pour diverses applications horticoles.","breadcrumb":{"@id":"https:\/\/pelemix.com\/fr\/product\/lache-melange\/#breadcrumb"},"inLanguage":"fr-FR","potentialAction":[{"@type":"ReadAction","target":["https:\/\/pelemix.com\/fr\/product\/lache-melange\/"]}]},{"@type":"ImageObject","inLanguage":"fr-FR","@id":"https:\/\/pelemix.com\/fr\/product\/lache-melange\/#primaryimage","url":"https:\/\/pelemix.com\/wp-content\/uploads\/2023\/09\/loose-main.png","contentUrl":"https:\/\/pelemix.com\/wp-content\/uploads\/2023\/09\/loose-main.png","width":550,"height":550,"caption":"Loose - Blend"},{"@type":"BreadcrumbList","@id":"https:\/\/pelemix.com\/fr\/product\/lache-melange\/#breadcrumb","itemListElement":[{"@type":"ListItem","position":1,"name":"Home","item":"https:\/\/pelemix.com\/fr\/"},{"@type":"ListItem","position":2,"name":"Products","item":"https:\/\/pelemix.com\/fr\/product\/"},{"@type":"ListItem","position":3,"name":"L\u00e2che\/M\u00e9lange"}]},{"@type":"WebSite","@id":"https:\/\/pelemix.com\/fr\/#website","url":"https:\/\/pelemix.com\/fr\/","name":"Pelemix","description":"Pelemix is a leader in the coir \u2013 coco peat substrate market for Hydroponics growers and nurseries. Our coir is used worldwide as a growing media for various hydroponics crops","publisher":{"@id":"https:\/\/pelemix.com\/fr\/#organization"},"potentialAction":[{"@type":"SearchAction","target":{"@type":"EntryPoint","urlTemplate":"https:\/\/pelemix.com\/fr\/?s={search_term_string}"},"query-input":{"@type":"PropertyValueSpecification","valueRequired":true,"valueName":"search_term_string"}}],"inLanguage":"fr-FR"},{"@type":"Organization","@id":"https:\/\/pelemix.com\/fr\/#organization","name":"Pelemix - Professionals In Coir Substrates","alternateName":"Pelemix","url":"https:\/\/pelemix.com\/fr\/","logo":{"@type":"ImageObject","inLanguage":"fr-FR","@id":"https:\/\/pelemix.com\/fr\/#\/schema\/logo\/image\/","url":"https:\/\/pelemix.com\/wp-content\/uploads\/2023\/09\/Open-Top-list.png","contentUrl":"https:\/\/pelemix.com\/wp-content\/uploads\/2023\/09\/Open-Top-list.png","width":667,"height":700,"caption":"Pelemix - Professionals In Coir Substrates"},"image":{"@id":"https:\/\/pelemix.com\/fr\/#\/schema\/logo\/image\/"},"sameAs":["https:\/\/www.facebook.com\/PelemixSpain","https:\/\/www.linkedin.com\/company\/642244\/admin\/feed\/posts","https:\/\/www.youtube.com\/@pelemix4178"]}]}},"_links":{"self":[{"href":"https:\/\/pelemix.com\/fr\/wp-json\/wp\/v2\/product\/10869","targetHints":{"allow":["GET"]}}],"collection":[{"href":"https:\/\/pelemix.com\/fr\/wp-json\/wp\/v2\/product"}],"about":[{"href":"https:\/\/pelemix.com\/fr\/wp-json\/wp\/v2\/types\/product"}],"author":[{"embeddable":true,"href":"https:\/\/pelemix.com\/fr\/wp-json\/wp\/v2\/users\/3"}],"version-history":[{"count":0,"href":"https:\/\/pelemix.com\/fr\/wp-json\/wp\/v2\/product\/10869\/revisions"}],"wp:featuredmedia":[{"embeddable":true,"href":"https:\/\/pelemix.com\/fr\/wp-json\/wp\/v2\/media\/10878"}],"wp:attachment":[{"href":"https:\/\/pelemix.com\/fr\/wp-json\/wp\/v2\/media?parent=10869"}],"curies":[{"name":"wp","href":"https:\/\/api.w.org\/{rel}","templated":true}]}}