{"id":10910,"date":"2024-04-15T07:58:58","date_gmt":"2024-04-15T05:58:58","guid":{"rendered":"https:\/\/pelemix.com\/product\/mjot-pour-le-cannabis\/"},"modified":"2024-04-15T07:58:58","modified_gmt":"2024-04-15T05:58:58","slug":"mjot-pour-le-cannabis","status":"publish","type":"product","link":"https:\/\/pelemix.com\/fr\/product\/mjot-pour-le-cannabis\/","title":{"rendered":"Mjot pour le cannabis"},"excerpt":{"rendered":"<p>La solution ultime pour la culture du cannabis<\/p>\n","protected":false},"author":3,"featured_media":10915,"menu_order":7,"template":"","format":"standard","meta":{"_acf_changed":false,"_links_to":"","_links_to_target":""},"class_list":["post-10910","product","type-product","status-publish","format-standard","has-post-thumbnail","hentry"],"acf":[],"yoast_head":"<!-- This site is optimized with the Yoast SEO plugin v25.4 - https:\/\/yoast.com\/wordpress\/plugins\/seo\/ -->\n<title>Mjot pour le cannabis | Pelemix<\/title>\n<meta name=\"description\" content=\"MJOT est la solution ultime pour la culture du cannabis d\u00e9velopp\u00e9e avec des experts des \u00c9tats-Unis, du Canada et d&#039;Isra\u00ebl\" \/>\n<meta name=\"robots\" content=\"index, follow, max-snippet:-1, max-image-preview:large, max-video-preview:-1\" \/>\n<link rel=\"canonical\" href=\"https:\/\/pelemix.com\/fr\/product\/mjot-pour-le-cannabis\/\" \/>\n<meta property=\"og:locale\" content=\"fr_FR\" \/>\n<meta property=\"og:type\" content=\"article\" \/>\n<meta property=\"og:title\" content=\"Mjot pour le cannabis | Pelemix\" \/>\n<meta property=\"og:description\" content=\"MJOT est la solution ultime pour la culture du cannabis d\u00e9velopp\u00e9e avec des experts des \u00c9tats-Unis, du Canada et d&#039;Isra\u00ebl\" \/>\n<meta property=\"og:url\" content=\"https:\/\/pelemix.com\/fr\/product\/mjot-pour-le-cannabis\/\" \/>\n<meta property=\"og:site_name\" content=\"Pelemix\" \/>\n<meta property=\"article:publisher\" content=\"https:\/\/www.facebook.com\/PelemixSpain\" \/>\n<meta property=\"og:image\" content=\"https:\/\/pelemix.com\/wp-content\/uploads\/2024\/04\/MJOT-main.png\" \/>\n\t<meta property=\"og:image:width\" content=\"550\" \/>\n\t<meta property=\"og:image:height\" content=\"550\" \/>\n\t<meta property=\"og:image:type\" content=\"image\/png\" \/>\n<meta name=\"twitter:card\" content=\"summary_large_image\" \/>\n<script type=\"application\/ld+json\" class=\"yoast-schema-graph\">{\"@context\":\"https:\/\/schema.org\",\"@graph\":[{\"@type\":\"WebPage\",\"@id\":\"https:\/\/pelemix.com\/fr\/product\/mjot-pour-le-cannabis\/\",\"url\":\"https:\/\/pelemix.com\/fr\/product\/mjot-pour-le-cannabis\/\",\"name\":\"Mjot pour le cannabis | Pelemix\",\"isPartOf\":{\"@id\":\"https:\/\/pelemix.com\/fr\/#website\"},\"primaryImageOfPage\":{\"@id\":\"https:\/\/pelemix.com\/fr\/product\/mjot-pour-le-cannabis\/#primaryimage\"},\"image\":{\"@id\":\"https:\/\/pelemix.com\/fr\/product\/mjot-pour-le-cannabis\/#primaryimage\"},\"thumbnailUrl\":\"https:\/\/pelemix.com\/wp-content\/uploads\/2024\/04\/MJOT-main.png\",\"datePublished\":\"2024-04-15T05:58:58+00:00\",\"description\":\"MJOT est la solution ultime pour la culture du cannabis d\u00e9velopp\u00e9e avec des experts des \u00c9tats-Unis, du Canada et d'Isra\u00ebl\",\"breadcrumb\":{\"@id\":\"https:\/\/pelemix.com\/fr\/product\/mjot-pour-le-cannabis\/#breadcrumb\"},\"inLanguage\":\"fr-FR\",\"potentialAction\":[{\"@type\":\"ReadAction\",\"target\":[\"https:\/\/pelemix.com\/fr\/product\/mjot-pour-le-cannabis\/\"]}]},{\"@type\":\"ImageObject\",\"inLanguage\":\"fr-FR\",\"@id\":\"https:\/\/pelemix.com\/fr\/product\/mjot-pour-le-cannabis\/#primaryimage\",\"url\":\"https:\/\/pelemix.com\/wp-content\/uploads\/2024\/04\/MJOT-main.png\",\"contentUrl\":\"https:\/\/pelemix.com\/wp-content\/uploads\/2024\/04\/MJOT-main.png\",\"width\":550,\"height\":550,\"caption\":\"MJOT - pelemix\"},{\"@type\":\"BreadcrumbList\",\"@id\":\"https:\/\/pelemix.com\/fr\/product\/mjot-pour-le-cannabis\/#breadcrumb\",\"itemListElement\":[{\"@type\":\"ListItem\",\"position\":1,\"name\":\"Home\",\"item\":\"https:\/\/pelemix.com\/fr\/\"},{\"@type\":\"ListItem\",\"position\":2,\"name\":\"Products\",\"item\":\"https:\/\/pelemix.com\/fr\/product\/\"},{\"@type\":\"ListItem\",\"position\":3,\"name\":\"Mjot pour le cannabis\"}]},{\"@type\":\"WebSite\",\"@id\":\"https:\/\/pelemix.com\/fr\/#website\",\"url\":\"https:\/\/pelemix.com\/fr\/\",\"name\":\"Pelemix\",\"description\":\"Pelemix is a leader in the coir \u2013 coco peat substrate market for Hydroponics growers and nurseries. Our coir is used worldwide as a growing media for various hydroponics crops\",\"publisher\":{\"@id\":\"https:\/\/pelemix.com\/fr\/#organization\"},\"potentialAction\":[{\"@type\":\"SearchAction\",\"target\":{\"@type\":\"EntryPoint\",\"urlTemplate\":\"https:\/\/pelemix.com\/fr\/?s={search_term_string}\"},\"query-input\":{\"@type\":\"PropertyValueSpecification\",\"valueRequired\":true,\"valueName\":\"search_term_string\"}}],\"inLanguage\":\"fr-FR\"},{\"@type\":\"Organization\",\"@id\":\"https:\/\/pelemix.com\/fr\/#organization\",\"name\":\"Pelemix - Professionals In Coir Substrates\",\"alternateName\":\"Pelemix\",\"url\":\"https:\/\/pelemix.com\/fr\/\",\"logo\":{\"@type\":\"ImageObject\",\"inLanguage\":\"fr-FR\",\"@id\":\"https:\/\/pelemix.com\/fr\/#\/schema\/logo\/image\/\",\"url\":\"https:\/\/pelemix.com\/wp-content\/uploads\/2023\/09\/Open-Top-list.png\",\"contentUrl\":\"https:\/\/pelemix.com\/wp-content\/uploads\/2023\/09\/Open-Top-list.png\",\"width\":667,\"height\":700,\"caption\":\"Pelemix - Professionals In Coir Substrates\"},\"image\":{\"@id\":\"https:\/\/pelemix.com\/fr\/#\/schema\/logo\/image\/\"},\"sameAs\":[\"https:\/\/www.facebook.com\/PelemixSpain\",\"https:\/\/www.linkedin.com\/company\/642244\/admin\/feed\/posts\",\"https:\/\/www.youtube.com\/@pelemix4178\"]}]}<\/script>\n<!-- \/ Yoast SEO plugin. -->","yoast_head_json":{"title":"Mjot pour le cannabis | Pelemix","description":"MJOT est la solution ultime pour la culture du cannabis d\u00e9velopp\u00e9e avec des experts des \u00c9tats-Unis, du Canada et d'Isra\u00ebl","robots":{"index":"index","follow":"follow","max-snippet":"max-snippet:-1","max-image-preview":"max-image-preview:large","max-video-preview":"max-video-preview:-1"},"canonical":"https:\/\/pelemix.com\/fr\/product\/mjot-pour-le-cannabis\/","og_locale":"fr_FR","og_type":"article","og_title":"Mjot pour le cannabis | Pelemix","og_description":"MJOT est la solution ultime pour la culture du cannabis d\u00e9velopp\u00e9e avec des experts des \u00c9tats-Unis, du Canada et d'Isra\u00ebl","og_url":"https:\/\/pelemix.com\/fr\/product\/mjot-pour-le-cannabis\/","og_site_name":"Pelemix","article_publisher":"https:\/\/www.facebook.com\/PelemixSpain","og_image":[{"width":550,"height":550,"url":"https:\/\/pelemix.com\/wp-content\/uploads\/2024\/04\/MJOT-main.png","type":"image\/png"}],"twitter_card":"summary_large_image","schema":{"@context":"https:\/\/schema.org","@graph":[{"@type":"WebPage","@id":"https:\/\/pelemix.com\/fr\/product\/mjot-pour-le-cannabis\/","url":"https:\/\/pelemix.com\/fr\/product\/mjot-pour-le-cannabis\/","name":"Mjot pour le cannabis | Pelemix","isPartOf":{"@id":"https:\/\/pelemix.com\/fr\/#website"},"primaryImageOfPage":{"@id":"https:\/\/pelemix.com\/fr\/product\/mjot-pour-le-cannabis\/#primaryimage"},"image":{"@id":"https:\/\/pelemix.com\/fr\/product\/mjot-pour-le-cannabis\/#primaryimage"},"thumbnailUrl":"https:\/\/pelemix.com\/wp-content\/uploads\/2024\/04\/MJOT-main.png","datePublished":"2024-04-15T05:58:58+00:00","description":"MJOT est la solution ultime pour la culture du cannabis d\u00e9velopp\u00e9e avec des experts des \u00c9tats-Unis, du Canada et d'Isra\u00ebl","breadcrumb":{"@id":"https:\/\/pelemix.com\/fr\/product\/mjot-pour-le-cannabis\/#breadcrumb"},"inLanguage":"fr-FR","potentialAction":[{"@type":"ReadAction","target":["https:\/\/pelemix.com\/fr\/product\/mjot-pour-le-cannabis\/"]}]},{"@type":"ImageObject","inLanguage":"fr-FR","@id":"https:\/\/pelemix.com\/fr\/product\/mjot-pour-le-cannabis\/#primaryimage","url":"https:\/\/pelemix.com\/wp-content\/uploads\/2024\/04\/MJOT-main.png","contentUrl":"https:\/\/pelemix.com\/wp-content\/uploads\/2024\/04\/MJOT-main.png","width":550,"height":550,"caption":"MJOT - pelemix"},{"@type":"BreadcrumbList","@id":"https:\/\/pelemix.com\/fr\/product\/mjot-pour-le-cannabis\/#breadcrumb","itemListElement":[{"@type":"ListItem","position":1,"name":"Home","item":"https:\/\/pelemix.com\/fr\/"},{"@type":"ListItem","position":2,"name":"Products","item":"https:\/\/pelemix.com\/fr\/product\/"},{"@type":"ListItem","position":3,"name":"Mjot pour le cannabis"}]},{"@type":"WebSite","@id":"https:\/\/pelemix.com\/fr\/#website","url":"https:\/\/pelemix.com\/fr\/","name":"Pelemix","description":"Pelemix is a leader in the coir \u2013 coco peat substrate market for Hydroponics growers and nurseries. Our coir is used worldwide as a growing media for various hydroponics crops","publisher":{"@id":"https:\/\/pelemix.com\/fr\/#organization"},"potentialAction":[{"@type":"SearchAction","target":{"@type":"EntryPoint","urlTemplate":"https:\/\/pelemix.com\/fr\/?s={search_term_string}"},"query-input":{"@type":"PropertyValueSpecification","valueRequired":true,"valueName":"search_term_string"}}],"inLanguage":"fr-FR"},{"@type":"Organization","@id":"https:\/\/pelemix.com\/fr\/#organization","name":"Pelemix - Professionals In Coir Substrates","alternateName":"Pelemix","url":"https:\/\/pelemix.com\/fr\/","logo":{"@type":"ImageObject","inLanguage":"fr-FR","@id":"https:\/\/pelemix.com\/fr\/#\/schema\/logo\/image\/","url":"https:\/\/pelemix.com\/wp-content\/uploads\/2023\/09\/Open-Top-list.png","contentUrl":"https:\/\/pelemix.com\/wp-content\/uploads\/2023\/09\/Open-Top-list.png","width":667,"height":700,"caption":"Pelemix - Professionals In Coir Substrates"},"image":{"@id":"https:\/\/pelemix.com\/fr\/#\/schema\/logo\/image\/"},"sameAs":["https:\/\/www.facebook.com\/PelemixSpain","https:\/\/www.linkedin.com\/company\/642244\/admin\/feed\/posts","https:\/\/www.youtube.com\/@pelemix4178"]}]}},"_links":{"self":[{"href":"https:\/\/pelemix.com\/fr\/wp-json\/wp\/v2\/product\/10910","targetHints":{"allow":["GET"]}}],"collection":[{"href":"https:\/\/pelemix.com\/fr\/wp-json\/wp\/v2\/product"}],"about":[{"href":"https:\/\/pelemix.com\/fr\/wp-json\/wp\/v2\/types\/product"}],"author":[{"embeddable":true,"href":"https:\/\/pelemix.com\/fr\/wp-json\/wp\/v2\/users\/3"}],"version-history":[{"count":0,"href":"https:\/\/pelemix.com\/fr\/wp-json\/wp\/v2\/product\/10910\/revisions"}],"wp:featuredmedia":[{"embeddable":true,"href":"https:\/\/pelemix.com\/fr\/wp-json\/wp\/v2\/media\/10915"}],"wp:attachment":[{"href":"https:\/\/pelemix.com\/fr\/wp-json\/wp\/v2\/media?parent=10910"}],"curies":[{"name":"wp","href":"https:\/\/api.w.org\/{rel}","templated":true}]}}